{"id":833,"date":"2024-01-01T18:42:21","date_gmt":"2024-01-01T17:42:21","guid":{"rendered":"https:\/\/soliasylwue.noblogs.org\/?page_id=833"},"modified":"2025-10-16T20:13:24","modified_gmt":"2025-10-16T18:13:24","slug":"das-netzwerk","status":"publish","type":"page","link":"https:\/\/soliasylwue.noblogs.org\/","title":{"rendered":"Soli-Asyl W\u00fcrzburg R\u00e9seau"},"content":{"rendered":"<h1><strong>\ud83c\udde9\ud83c\uddea <a href=\"https:\/\/soliasylwue.noblogs.org\/\">Deutsch<\/a>\u00a0\u00a0\u00a0\u00a0\u00a0\u00a0\u00a0\u00a0\u00a0\u00a0\u00a0\u00a0\u00a0\u00a0\u00a0\u00a0\u00a0\u00a0\u00a0\u00a0 \ud83c\udde6\ud83c\uddea <a href=\"https:\/\/soliasylwue.noblogs.org\/fi\/\">\u0627\u0644\u0639\u0631\u0628\u064a\u0629<\/a><\/strong><\/h1>\n<h1>\ud83c\uddec\ud83c\udde7 <a href=\"https:\/\/soliasylwue.noblogs.org\/en-US\/\"><strong>English<\/strong><\/a> \u00a0 \u00a0 \u00a0 \u00a0 \u00a0 \u00a0 \u00a0 \u00a0 \u00a0\u00a0 \u00a0 <strong>\ud83c\uddee\ud83c\uddf7<\/strong><a href=\"https:\/\/soliasylwue.noblogs.org\/cy\/\"><strong> \u0641\u0627\u0631\u0633\u06cc<\/strong><\/a><\/h1>\n<h1>\ud83c\uddea\ud83c\uddf8 <a href=\"https:\/\/soliasylwue.noblogs.org\/es\/\">Espa\u00f1ol<\/a> \u00a0\u00a0\u00a0\u00a0\u00a0\u00a0\u00a0\u00a0\u00a0\u00a0\u00a0\u00a0\u00a0\u00a0\u00a0 \u00a0 \u00a0 \ud83c\udde6\ud83c\uddeb <a href=\"https:\/\/soliasylwue.noblogs.org\/ja\">\u062f\u0631\u06cc<\/a><\/h1>\n<h1>\ud83c\uddeb\ud83c\uddf7 <a href=\"https:\/\/soliasylwue.noblogs.org\/fr\">Fran\u00e7ais<\/a> \u00a0\u00a0 \u00a0 \u00a0 \u00a0 \u00a0 \u00a0 \u00a0 \u00a0\u00a0\u00a0 \ud83c\udde6\ud83c\uddeb <a href=\"https:\/\/soliasylwue.noblogs.org\/nl\/\">\u067e\u069a\u062a\u0648<\/a><\/h1>\n<h1>\u00a0\ud83c\uddee\ud83c\uddf9 <span lang=\"tr\"><a href=\"https:\/\/soliasylwue.noblogs.org\/it\/\">Italiano<\/a> \u00a0\u00a0 \u00a0 \u00a0 \u00a0 \u00a0 \u00a0 \u00a0 \u00a0 \u00a0\u00a0 <\/span><strong>\ud83c\uddf8\ud83c\uddf4 <a href=\"https:\/\/soliasylwue.noblogs.org\/nn\/\">Soomaali<\/a> \u00a0 \u00a0<\/strong><\/h1>\n<h1><strong>\ud83c\uddf7\ud83c\uddfa <\/strong><a href=\"https:\/\/soliasylwue.noblogs.org\/ru\/\">\u0420\u0443\u0441\u0441\u043a\u0438\u0439<\/a> \u00a0\u00a0 \u00a0 \u00a0 \u00a0 \u00a0 \u00a0 \u00a0 \u00a0\u00a0\u00a0 <span lang=\"tr\">\ud83c\uddea\ud83c\uddf7 <a href=\"https:\/\/soliasylwue.noblogs.org\/da\/\"><strong>\u1275\u130d\u122d\u129b<\/strong><\/a><\/span><\/h1>\n<h1><strong> \ud83c\udde6\ud83c\uddf1 <a href=\"https:\/\/soliasylwue.noblogs.org\/el\/\">Shqiptare<\/a> \u00a0\u00a0\u00a0\u00a0 \u00a0 \u00a0\u00a0 \u00a0\u00a0\u00a0\u00a0\u00a0 <\/strong><strong>\u00a0<\/strong><span class=\"ILfuVd\" lang=\"de\"><span class=\"hgKElc\"><b>\ud83c\uddf9\ud83c\uddf7 <\/b><\/span><\/span><a href=\"https:\/\/soliasylwue.noblogs.org\/ca\/\"><strong>T\u00fcrk\u00e7e<\/strong><\/a><\/h1>\n<hr \/>\n<p><strong>\u00bb<span lang=\"AR-SA\">Soli-Asyl W\u00fcrzburg R\u00e9seau\u00ab<\/span><\/strong> ye t\u0254n ye min y\u025br\u025bmah\u0254r\u0254nyalen don ani sigida la, min ye walek\u025blaw, j\u025bkaf\u0254 walew ani m\u0254g\u0254 kelen-kelen b\u025b\u025b ye W\u00fcrzburg sigida la ani <a href=\"https:\/\/aktionbuergerinnenasyl.de\"><strong>\u00bbAktion B\u00fcrger*innenasyl<span lang=\"AR-SA\">\u00ab<\/span><\/strong><\/a> rezo d\u0254.<\/p>\n<p><strong>An ni m\u0254g\u0254w minnu b\u025b ka k\u025bl\u025b k\u025b k\u2019u g\u025bnni k\u025bl\u025b, an b\u2019a f\u025b ka j\u025bkuluw sigi senkan minnu b\u2019u d\u025bm\u025b u ka k\u025bl\u025b la u ka sigiy\u0254r\u0254 n\u2019u ka to Alimanjamana k\u0254n\u0254.<\/strong> An ka nin wale in kun ye ka m\u0254g\u0254w d\u025bm\u025b minnu b\u025b se ka g\u025bn ka b\u0254 jamana k\u0254n\u0254, ka dogoy\u0254r\u0254 ni lakana y\u0254r\u0254w di u ma waati d\u0254\u0254nin k\u0254n\u0254, ka k\u025bn\u025byako ni sariya ladilikanw s\u0254r\u0254li sabati, ani k\u2019u d\u025bm\u025b u ka hakilinaw lab\u025bn minnu b\u025b sabati.<\/p>\n<p><strong>Siwili kanmin\u025bbaliya ni j\u025b\u0272\u0254g\u0254nya wale d\u0254 k\u0254n\u0254, an b\u2019a f\u025b ka c\u025bnc\u025bn fili jamana g\u025bnni masinw ka girinw k\u0254n\u0254, ka d\u025bm\u025b don walasa nin wale jugu in k\u025b min t\u025b se ka k\u025b.<\/strong> An j\u0254len b\u025b toli ni taama h\u0254r\u0254nyali la, min t\u025b dantig\u025bli k\u025b, ani h\u0254r\u0254nya min b\u025b m\u0254g\u0254w b\u025b\u025b bolo, ka fara j\u025b\u0272\u0254g\u0254nya di\u0272\u025b kan, hadamaden ka danbe t\u025b se ka ti\u0272\u025b min k\u0254n\u0254.<\/p>\n<p><strong>An b\u025b ban ka s\u0254n politiki ma min b\u025b sen na, n\u2019o ye ka m\u0254g\u0254w g\u025bn ka b\u0254 jamana k\u0254n\u0254 ani ka b\u0254 jamana k\u0254n\u0254, wa an b\u2019a \u0272ini m\u0254g\u0254w f\u025b u k\u2019a latig\u025b u y\u025br\u025b la, u b\u025b se ka sigi y\u0254r\u0254 min na, ani u b\u2019a f\u025b ka sigi y\u0254r\u0254 min na. An dalen b\u2019a la ko m\u0254g\u0254w ka b\u0254n\u0254g\u0254la, danc\u025bw kunb\u025bnni ani ka to josariyaw k\u025bl\u025bli ye politiki k\u025bl\u025bli k\u025bcogo c\u025bmanc\u025bw ye di\u0272\u025b k\u0254n\u0254 fanga ni nafab\u0254 j\u025b\u0272\u0254g\u0254nyaw kama.<\/strong> Nka, tuma caman na, o k\u025bl\u025bw b\u025b k\u025b y\u0254r\u0254 jan jamaba la, wa u b\u025b to ka ye kaburuw k\u0254n\u0254 minnu y\u0254r\u0254 ka jan. Waati t\u025bm\u025bna kabini tuma jan, m\u0254g\u0254 minnu b\u025b ni n\u025b\u025bma caman ye, olu ka tugu nin misaliw k\u0254, ka j\u025b\u0272\u0254g\u0254nya jira ani ka dogoy\u0254r\u0254 dafalenw di m\u0254g\u0254w ma minnu b\u025b baga ka b\u0254 jamana k\u0254n\u0254.<\/p>\n<p><strong>An ka f\u025b\u025br\u025b in ma k\u025b ni la\u0272ini ye, a k\u0254r\u0254 n\u2019a kuntilenna ye politiki ye.<\/strong> An b\u2019a f\u025b ka sigi dugu k\u0254n\u0254 min sinsinnen b\u025b kelenya kan, wa an b\u2019a ye ko Solidarity Asylum ye di\u0272\u025b sigidako t\u0254n d\u0254 ye min b\u2019a jira ko hadamadenw ka josariyaw b\u025b tali k\u025b m\u0254g\u0254w b\u025b\u025b la k\u2019a s\u0254r\u0254 danfara ma don a la ani k\u2019a s\u0254r\u0254 a ma k\u025b ni dantig\u025bli ye. B\u025b\u025b ka kan ka so, kalan, k\u025bn\u025bya ani taama, a k\u025bra sigida walima sariya siratig\u025b la, a b\u0254y\u0254r\u0254, a c\u025bya walima a ka sariya j\u0254len w\u025br\u025bw ye.<\/p>\n<p><strong>An ka m\u0254g\u0254w g\u025bnni bali \u0272\u0254g\u0254n f\u025b, ka Alema\u0272i ni Er\u0254pu jamanaw ka danfara politiki k\u025bl\u025b ni timinandiya ye!<\/strong><\/p>\n<p><em><strong>M\u0254g\u0254 si t\u025b sariya s\u0254s\u0254!<br \/>\nKa \u0272\u025bsin di\u0272\u025b ma, dan t\u025b min na!<br \/>\nWalasa ka jo s\u0254r\u0254 min t\u025b dantig\u025bli k\u025b ka to b\u025b\u025b ye!<\/strong><\/em><\/p>\n<div id=\"simple-translate\" class=\"simple-translate-system-theme\">\n<div>\n<div class=\"simple-translate-button isShow\" style=\"height: 22px;width: 22px;top: 91px;left: 356px\"><\/div>\n<div class=\"simple-translate-panel \" style=\"width: 300px;height: 200px;top: 0px;left: 0px;font-size: 13px\">\n<div class=\"simple-translate-result-wrapper\" style=\"overflow: hidden\">\n<div class=\"simple-translate-move\"><\/div>\n<div class=\"simple-translate-result-contents\">\n<p class=\"simple-translate-result\" dir=\"auto\">\n<p class=\"simple-translate-candidate\" dir=\"auto\">\n<\/div>\n<\/div>\n<\/div>\n<\/div>\n<\/div>\n","protected":false},"excerpt":{"rendered":"<p>\ud83c\udde9\ud83c\uddea Deutsch\u00a0\u00a0\u00a0\u00a0\u00a0\u00a0\u00a0\u00a0\u00a0\u00a0\u00a0\u00a0\u00a0\u00a0\u00a0\u00a0\u00a0\u00a0\u00a0\u00a0 \ud83c\udde6\ud83c\uddea \u0627\u0644\u0639\u0631\u0628\u064a\u0629 \ud83c\uddec\ud83c\udde7 English \u00a0 \u00a0 \u00a0 \u00a0 \u00a0 \u00a0 \u00a0 \u00a0 \u00a0\u00a0 \u00a0 \ud83c\uddee\ud83c\uddf7 \u0641\u0627\u0631\u0633\u06cc \ud83c\uddea\ud83c\uddf8 Espa\u00f1ol \u00a0\u00a0\u00a0\u00a0\u00a0\u00a0\u00a0\u00a0\u00a0\u00a0\u00a0\u00a0\u00a0\u00a0\u00a0 \u00a0 \u00a0 \ud83c\udde6\ud83c\uddeb \u062f\u0631\u06cc \ud83c\uddeb\ud83c\uddf7 Fran\u00e7ais \u00a0\u00a0 \u00a0 \u00a0 \u00a0 \u00a0 \u00a0 \u00a0 \u00a0\u00a0\u00a0 \ud83c\udde6\ud83c\uddeb \u067e\u069a\u062a\u0648 \u00a0\ud83c\uddee\ud83c\uddf9 Italiano \u00a0\u00a0 &hellip; <a href=\"https:\/\/soliasylwue.noblogs.org\/\">Pokra\u010dova\u0165 v \u010d\u00edtan\u00ed <span class=\"meta-nav\">&rarr;<\/span><\/a><\/p>\n","protected":false},"author":18365,"featured_media":0,"parent":0,"menu_order":0,"comment_status":"closed","ping_status":"open","template":"","meta":{"_locale":"sk_SK","_original_post":"https:\/\/soliasylwue.noblogs.org\/?page_id=2","footnotes":""},"class_list":["post-833","page","type-page","status-publish","hentry","sk-SK"],"_links":{"self":[{"href":"https:\/\/soliasylwue.noblogs.org\/wp-json\/wp\/v2\/pages\/833","targetHints":{"allow":["GET"]}}],"collection":[{"href":"https:\/\/soliasylwue.noblogs.org\/wp-json\/wp\/v2\/pages"}],"about":[{"href":"https:\/\/soliasylwue.noblogs.org\/wp-json\/wp\/v2\/types\/page"}],"author":[{"embeddable":true,"href":"https:\/\/soliasylwue.noblogs.org\/wp-json\/wp\/v2\/users\/18365"}],"replies":[{"embeddable":true,"href":"https:\/\/soliasylwue.noblogs.org\/wp-json\/wp\/v2\/comments?post=833"}],"version-history":[{"count":9,"href":"https:\/\/soliasylwue.noblogs.org\/wp-json\/wp\/v2\/pages\/833\/revisions"}],"predecessor-version":[{"id":1472,"href":"https:\/\/soliasylwue.noblogs.org\/wp-json\/wp\/v2\/pages\/833\/revisions\/1472"}],"wp:attachment":[{"href":"https:\/\/soliasylwue.noblogs.org\/wp-json\/wp\/v2\/media?parent=833"}],"curies":[{"name":"wp","href":"https:\/\/api.w.org\/{rel}","templated":true}]}}