{"id":845,"date":"2024-01-01T18:49:21","date_gmt":"2024-01-01T17:49:21","guid":{"rendered":"https:\/\/soliasylwue.noblogs.org\/?page_id=845"},"modified":"2025-10-16T20:06:06","modified_gmt":"2025-10-16T18:06:06","slug":"das-netzwerk","status":"publish","type":"page","link":"https:\/\/soliasylwue.noblogs.org\/","title":{"rendered":"Rete Soli-Asyl W\u00fcrzburg"},"content":{"rendered":"<h1><strong>\ud83c\udde9\ud83c\uddea <a href=\"https:\/\/soliasylwue.noblogs.org\/\">Deutsch<\/a> \u00a0\u00a0\u00a0\u00a0\u00a0\u00a0\u00a0\u00a0 \u00a0 \u00a0\u00a0\u00a0\u00a0\u00a0\u00a0\u00a0\u00a0\u00a0 \ud83c\udde6\ud83c\uddea <a href=\"https:\/\/soliasylwue.noblogs.org\/fi\/\">\u0627\u0644\u0639\u0631\u0628\u064a\u0629<\/a><\/strong><\/h1>\n<h1>\ud83c\uddec\ud83c\udde7 <a href=\"https:\/\/soliasylwue.noblogs.org\/en-US\/\"><strong>English<\/strong><\/a> \u00a0 \u00a0 \u00a0 \u00a0 \u00a0 \u00a0 \u00a0 \u00a0 \u00a0\u00a0 \u00a0\u00a0 <strong>\ud83c\uddee\ud83c\uddf7<\/strong><a href=\"https:\/\/soliasylwue.noblogs.org\/cy\/\"><strong> \u0641\u0627\u0631\u0633\u06cc<\/strong><\/a><\/h1>\n<h1>\ud83c\uddea\ud83c\uddf8 <a href=\"https:\/\/soliasylwue.noblogs.org\/es\/\">Espa\u00f1ol<\/a>\u00a0 \u00a0 \u00a0 \u00a0 \u00a0 \u00a0 \u00a0 \u00a0 \u00a0 \u00a0 \u00a0 \ud83c\udde6\ud83c\uddeb <a href=\"https:\/\/soliasylwue.noblogs.org\/ja\">\u062f\u0631\u06cc<\/a><\/h1>\n<h1>\ud83c\uddeb\ud83c\uddf7 <a href=\"https:\/\/soliasylwue.noblogs.org\/fr\/\">Fran\u00e7ais<\/a><span lang=\"tr\"> \u00a0\u00a0 \u00a0 \u00a0 \u00a0 \u00a0 \u00a0 \u00a0\u00a0 \u00a0 \u00a0 <\/span>\ud83c\udde6\ud83c\uddeb <a href=\"https:\/\/soliasylwue.noblogs.org\/nl\/\">\u067e\u069a\u062a\u0648<\/a><\/h1>\n<h1><strong>\ud83c\uddf7\ud83c\uddfa <\/strong><a href=\"https:\/\/soliasylwue.noblogs.org\/ru\/\">\u0420\u0443\u0441\u0441\u043a\u0438\u0439<\/a>\u00a0\u00a0\u00a0\u00a0\u00a0\u00a0\u00a0\u00a0\u00a0\u00a0\u00a0\u00a0\u00a0\u00a0\u00a0\u00a0\u00a0\u00a0\u00a0\u00a0 <strong>\ud83c\uddf8\ud83c\uddf4 <a href=\"https:\/\/soliasylwue.noblogs.org\/nn\/\">Soomaali<\/a> \u00a0 \u00a0<\/strong> \u00a0<span lang=\"tr\"><br \/>\n<\/span><\/h1>\n<h1><strong> \ud83c\udde6\ud83c\uddf1 <a href=\"https:\/\/soliasylwue.noblogs.org\/el\/\">Shqiptare<\/a>\u00a0\u00a0\u00a0\u00a0\u00a0 \u00a0 \u00a0\u00a0 \u00a0\u00a0\u00a0\u00a0\u00a0\u00a0\u00a0 <\/strong><span lang=\"tr\">\ud83c\uddea\ud83c\uddf7 <a href=\"https:\/\/soliasylwue.noblogs.org\/da\/\"><strong>\u1275\u130d\u122d\u129b<\/strong><\/a><\/span><\/h1>\n<h1><span class=\"ILfuVd\" lang=\"de\"><span class=\"hgKElc\"><b>\ud83c\uddf9\ud83c\uddf7 <\/b><\/span><\/span><a href=\"https:\/\/soliasylwue.noblogs.org\/ca\/\"><strong>T\u00fcrk\u00e7e<\/strong><\/a> \u00a0\u00a0\u00a0\u00a0\u00a0\u00a0\u00a0\u00a0\u00a0\u00a0\u00a0\u00a0\u00a0\u00a0\u00a0 \u00a0\u00a0 \u00a0\u00a0\u00a0 <span class=\"ILfuVd\" lang=\"de\"><span class=\"hgKElc\"><b>\ud83c\uddf2\ud83c\uddf1 <\/b><\/span><\/span><a href=\"https:\/\/soliasylwue.noblogs.org\/sk\/\"><strong>Bamanankan<\/strong><\/a><\/h1>\n<hr \/>\n<p>La <strong>\u00bbRete Soli-Asyl W\u00fcrzburg\u00ab<\/strong> \u00e8 un&#8217;associazione indipendente e locale di attivisti, iniziative di solidariet\u00e0 e singoli individui dell&#8217;area di W\u00fcrzburg e fa parte della rete <a href=\"https:\/\/aktionbuergerinnenasyl.de\/\"><strong>\u00bbAktion B\u00fcrger*innenasyl\u00ab<\/strong><\/a>.<\/p>\n<p><strong>Insieme alle persone che lottano contro la deportazione, vogliamo creare strutture di solidariet\u00e0 che le sostengano nella loro lotta per il diritto di residenza e soggiorno in Germania.<\/strong> L&#8217;obiettivo della nostra iniziativa \u00e8 quello di fornire alle persone minacciate di deportazione luoghi di rifugio e di accoglienza temporanei, di garantire l&#8217;accesso all&#8217;assistenza sanitaria e legale e di sostenerle nello sviluppo di prospettive sostenibili.<\/p>\n<p><strong>Con un atto comune di disobbedienza civile e solidariet\u00e0 vissuta, vogliamo gettare sabbia negli ingranaggi della macchina delle deportazioni e contribuire a rendere impossibile questa pratica disumana.<\/strong> Ci battiamo per il diritto incondizionato al soggiorno e alla libert\u00e0 di movimento di tutte le persone e per un mondo solidale in cui la dignit\u00e0 umana sia davvero inviolabile. Ci rifiutiamo di rimanere inerti e di accettare la politica di deportazione e di esclusione dominante e chiediamo che le persone siano libere di rimanere in Germania.<\/p>\n<p><strong>Siamo convinti che la migrazione, il superamento delle frontiere e la lotta per il diritto di soggiorno siano forme centrali di resistenza politica attiva contro le condizioni globali di dominio e sfruttamento.<\/strong> Tuttavia, queste lotte si svolgono spesso lontano dal grande pubblico e rimangono invisibili in campi isolati. \u00c8 giunto il momento che le persone con pi\u00f9 privilegi seguano questi esempi, mostrino solidariet\u00e0 e aprano luoghi di rifugio per le persone minacciate di deportazione.<\/p>\n<p><strong>La nostra iniziativa non \u00e8 volutamente segreta, il suo scopo \u00e8 politico.<\/strong> Vogliamo vivere in una citt\u00e0 solidale e vedere Soli-Asyl come parte di un movimento sociale globale che si impegna a garantire che i diritti umani si applichino incondizionatamente e senza eccezioni a tutte le persone. Tutti hanno diritto alla casa, all&#8217;istruzione, alla salute e alla mobilit\u00e0, indipendentemente dallo status sociale o legale, dall&#8217;origine, dal genere o da altri criteri costruiti.<\/p>\n<p><strong>Lavoriamo insieme per impedire le deportazioni e opponiamoci con determinazione alla politica tedesca ed europea di isolamento!<\/strong><\/p>\n<p><strong><em>Nessun essere umano \u00e8 illegale!<\/em><\/strong><br \/>\n<strong><em>Per un mondo senza frontiere!<\/em><\/strong><br \/>\n<strong><em>Per un diritto di soggiorno incondizionato per tutti!<\/em><\/strong><\/p>\n<div id=\"simple-translate\" class=\"simple-translate-system-theme\">\n<div>\n<div class=\"simple-translate-button isShow\" style=\"height: 22px;width: 22px;top: 104px;left: 171px\"><\/div>\n<div class=\"simple-translate-panel \" style=\"width: 300px;height: 200px;top: 0px;left: 0px;font-size: 13px\">\n<div class=\"simple-translate-result-wrapper\" style=\"overflow: hidden\">\n<div class=\"simple-translate-move\"><\/div>\n<div class=\"simple-translate-result-contents\">\n<p class=\"simple-translate-result\" dir=\"auto\">\n<p class=\"simple-translate-candidate\" dir=\"auto\">\n<\/div>\n<\/div>\n<\/div>\n<\/div>\n<\/div>\n","protected":false},"excerpt":{"rendered":"<p>\ud83c\udde9\ud83c\uddea Deutsch \u00a0\u00a0\u00a0\u00a0\u00a0\u00a0\u00a0\u00a0 \u00a0 \u00a0\u00a0\u00a0\u00a0\u00a0\u00a0\u00a0\u00a0\u00a0 \ud83c\udde6\ud83c\uddea \u0627\u0644\u0639\u0631\u0628\u064a\u0629 \ud83c\uddec\ud83c\udde7 English \u00a0 \u00a0 \u00a0 \u00a0 \u00a0 \u00a0 \u00a0 \u00a0 \u00a0\u00a0 \u00a0\u00a0 \ud83c\uddee\ud83c\uddf7 \u0641\u0627\u0631\u0633\u06cc \ud83c\uddea\ud83c\uddf8 Espa\u00f1ol\u00a0 \u00a0 \u00a0 \u00a0 \u00a0 \u00a0 \u00a0 \u00a0 \u00a0 \u00a0 \u00a0 \ud83c\udde6\ud83c\uddeb \u062f\u0631\u06cc \ud83c\uddeb\ud83c\uddf7 Fran\u00e7ais \u00a0\u00a0 \u00a0 \u00a0 &hellip; <a href=\"https:\/\/soliasylwue.noblogs.org\/\">Continua a leggere<span class=\"meta-nav\">&rarr;<\/span><\/a><\/p>\n","protected":false},"author":18365,"featured_media":0,"parent":0,"menu_order":0,"comment_status":"closed","ping_status":"open","template":"","meta":{"_locale":"it_IT","_original_post":"https:\/\/soliasylwue.noblogs.org\/?page_id=2","footnotes":""},"class_list":["post-845","page","type-page","status-publish","hentry","it-IT"],"_links":{"self":[{"href":"https:\/\/soliasylwue.noblogs.org\/wp-json\/wp\/v2\/pages\/845","targetHints":{"allow":["GET"]}}],"collection":[{"href":"https:\/\/soliasylwue.noblogs.org\/wp-json\/wp\/v2\/pages"}],"about":[{"href":"https:\/\/soliasylwue.noblogs.org\/wp-json\/wp\/v2\/types\/page"}],"author":[{"embeddable":true,"href":"https:\/\/soliasylwue.noblogs.org\/wp-json\/wp\/v2\/users\/18365"}],"replies":[{"embeddable":true,"href":"https:\/\/soliasylwue.noblogs.org\/wp-json\/wp\/v2\/comments?post=845"}],"version-history":[{"count":11,"href":"https:\/\/soliasylwue.noblogs.org\/wp-json\/wp\/v2\/pages\/845\/revisions"}],"predecessor-version":[{"id":1463,"href":"https:\/\/soliasylwue.noblogs.org\/wp-json\/wp\/v2\/pages\/845\/revisions\/1463"}],"wp:attachment":[{"href":"https:\/\/soliasylwue.noblogs.org\/wp-json\/wp\/v2\/media?parent=845"}],"curies":[{"name":"wp","href":"https:\/\/api.w.org\/{rel}","templated":true}]}}