{"id":1262,"date":"2024-04-22T21:02:41","date_gmt":"2024-04-22T19:02:41","guid":{"rendered":"https:\/\/soliasylwue.noblogs.org\/?page_id=1262"},"modified":"2024-10-03T17:08:24","modified_gmt":"2024-10-03T15:08:24","slug":"contatto","status":"publish","type":"page","link":"https:\/\/soliasylwue.noblogs.org\/it\/contatto\/","title":{"rendered":"Contatto"},"content":{"rendered":"<h1>\ud83c\udde9\ud83c\uddea <a href=\"https:\/\/soliasylwue.noblogs.org\/kontakt\/\"><strong>Deutsch<\/strong><\/a> \u00a0\u00a0\u00a0\u00a0\u00a0\u00a0\u00a0\u00a0\u00a0\u00a0\u00a0\u00a0\u00a0\u00a0\u00a0\u00a0\u00a0\u00a0\u00a0\u00a0 <strong>\ud83c\udde6\ud83c\uddea <a href=\"https:\/\/soliasylwue.noblogs.org\/fi\/aitisal\/\">\u0627\u0644\u0639\u0631\u0628\u064a\u0629<\/a><\/strong><\/h1>\n<h1>\ud83c\uddec\ud83c\udde7 <a href=\"https:\/\/soliasylwue.noblogs.org\/en-US\/contact\/\"><strong>English<\/strong><\/a> \u00a0 \u00a0 \u00a0 \u00a0 \u00a0 \u00a0 \u00a0 \u00a0 \u00a0 \u00a0 \u00a0 <strong>\ud83c\uddee\ud83c\uddf7<\/strong><a href=\"https:\/\/soliasylwue.noblogs.org\/cy\/kontakt\"><strong> \u0641\u0627\u0631\u0633\u06cc<\/strong><\/a><\/h1>\n<h1>\ud83c\uddea\ud83c\uddf8 <a href=\"https:\/\/soliasylwue.noblogs.org\/es\/contacto\">Espa\u00f1ol<\/a> \u00a0\u00a0\u00a0\u00a0\u00a0\u00a0\u00a0\u00a0\u00a0 \u00a0\u00a0 \u00a0 \u00a0\u00a0 \u00a0\u00a0 \ud83c\udde6\ud83c\uddeb <a href=\"https:\/\/soliasylwue.noblogs.org\/ja\/kontakt\">\u062f\u0631\u06cc<\/a><\/h1>\n<h1>\ud83c\uddeb\ud83c\uddf7 <a href=\"https:\/\/soliasylwue.noblogs.org\/fr\/contact\">Fran\u00e7ais<\/a> \u00a0 \u00a0 \u00a0 \u00a0 \u00a0 \u00a0 \u00a0 \u00a0\u00a0<span lang=\"tr\"> \u00a0\u00a0 <\/span>\ud83c\udde6\ud83c\uddeb <a href=\"https:\/\/soliasylwue.noblogs.org\/nl\/kontakt\/\">\u067e\u069a\u062a\u0648<\/a><\/h1>\n<h1><strong>\ud83c\uddf7\ud83c\uddfa <\/strong><a href=\"https:\/\/soliasylwue.noblogs.org\/ru\/kontakt\">\u0420\u0443\u0441\u0441\u043a\u0438\u0439<\/a>\u00a0\u00a0\u00a0\u00a0\u00a0\u00a0\u00a0\u00a0\u00a0\u00a0\u00a0\u00a0\u00a0\u00a0\u00a0\u00a0\u00a0\u00a0\u00a0\u00a0 <strong>\ud83c\uddf8\ud83c\uddf4 <a href=\"https:\/\/soliasylwue.noblogs.org\/nn\/xidhiidh\">Soomaali<\/a> \u00a0 \u00a0<\/strong> \u00a0<span lang=\"tr\"><br \/>\n<\/span><\/h1>\n<h1><strong> \ud83c\udde6\ud83c\uddf1 <a href=\"https:\/\/soliasylwue.noblogs.org\/el\/kontaktoni\/\">Shqiptare<\/a>\u00a0\u00a0\u00a0\u00a0\u00a0 \u00a0 \u00a0\u00a0 \u00a0\u00a0\u00a0\u00a0\u00a0\u00a0\u00a0 <\/strong><span lang=\"tr\">\ud83c\uddea\ud83c\uddf7 <a href=\"https:\/\/soliasylwue.noblogs.org\/da\/\"><strong>\u1275\u130d\u122d\u129b<\/strong><\/a><\/span><\/h1>\n<h1><span class=\"ILfuVd\" lang=\"de\"><span class=\"hgKElc\"><b>\ud83c\uddf9\ud83c\uddf7 <\/b><\/span><\/span><a href=\"https:\/\/soliasylwue.noblogs.org\/ca\/\"><strong>T\u00fcrk\u00e7e<\/strong><\/a><strong> \u00a0\u00a0\u00a0\u00a0 \u00a0 \u00a0 \u00a0 \u00a0 \u00a0\u00a0 \u00a0 \u00a0 \u00a0 \u00a0<\/strong><span class=\"ILfuVd\" lang=\"de\"><span class=\"hgKElc\"><b>\ud83c\uddf2\ud83c\uddf1 <\/b><\/span><\/span><a href=\"https:\/\/soliasylwue.noblogs.org\/sk\/\"><strong>Bamanankan<\/strong><\/a><\/h1>\n<hr \/>\n<p><strong>Siamo la Rete Soli-Asyl W\u00fcrzburg.<\/strong> Vogliamo che tutte le persone siano libere di decidere dove possono e vogliono vivere. Per questo motivo sosteniamo le persone a rischio di deportazione nella loro lotta per il diritto di rimanere. Non siamo un&#8217;associazione o una chiesa. iamo una rete di solidariet\u00e0 che lavora gratuitamente, su base volontaria e indipendentemente dalle istituzioni statali.<\/p>\n<p><strong>Se vivi a W\u00fcrzburg o nelle vicinanze, cercheremo di trovarti un posto sicuro dove dormire finch\u00e9 non sar\u00e0 passato il pericolo di deportazione.<\/strong> Se non vivi nell&#8217;area di W\u00fcrzburg, purtroppo non possiamo sostenerti a trovare un posto dove dormire. Possiamo per\u00f2 dirti dove potreste trovare aiuto.<\/p>\n<p><strong>Riceviamo molte richieste.<\/strong> Per questo motivo, purtroppo, non abbiamo sempre abbastanza posti letto per tutti. Se riteniamo che il rischio di deportazione sia molto alto, cercheremo di trovare un posto sicuro per te il pi\u00f9 presto possibile. Chiediamo la tua comprensione che dobbiamo prima sostenere le persone che sono a rischio particolarmente elevato di deportazione.<\/p>\n<p><strong>Per capire se e come possiamo aiutarti, abbiamo bisogno di saperne di pi\u00f9 sulla tua situazione.<\/strong> Puoi utilizzare il nostro modulo di contatto qui sotto per inviarci un messaggio sicuro. Inviateci il tuo numero di telefono e installate l&#8217;applicazione di messaggistica <strong><a href=\"https:\/\/signal.org\/install\" data-cke-saved-href=\"https:\/\/signal.org\/de\/\">\u00bbSignal\u00ab<\/a><\/strong>.Ti contatteremo tramite Signal.<\/p>\n<p><strong>Se sei interessata*o o hai domande generali sulla nostra rete<\/strong> che non richiedono lo scambio di dati sensibili, puoi contattarci anche all&#8217;indirizzo: <a href=\"mailto:soliasylwue@riseup.net\">soliasylwue(at)riseup(dot)net<\/a><br \/>\n\u00c8 possibile scaricare la nostra <strong>chiave PGP<\/strong> pubblica <strong><a href=\"https:\/\/keys.openpgp.org\/vks\/v1\/by-fingerprint\/5604831306F996E09F5479D81FDDB8F807875D1E\">qui<\/a><\/strong>.<\/p>\n<p><code><div class=\"secure-form\"><div id=\"message-group\" class=\"form-group\"><label for=\"message\">Message<\/label><textarea id=\"message\" name=\"message\" rows=\"5\"><\/textarea><\/div><form id=\"sform\" method=\"post\"><div id=\"subject-group\" class=\"form-group\"><label for=\"subject\">Subject<\/label><input type=\"text\" id=\"subject\" name=\"subject\"><\/div><div id=\"name-group\" class=\"form-group\"><label for=\"name\">Your name<\/label><input type=\"text\" id=\"name\" name=\"name\"><\/div><div id=\"email-group\" class=\"form-group\"><label for=\"email\">Your email<\/label><input type=\"text\" id=\"email\" name=\"email\"><\/div><input type=\"hidden\" id=\"encryptedMessage\" name=\"encryptedMessage\"><input type=\"submit\" name=\"submit\" value=\"Submit\"><\/form><\/div><\/code><\/p>\n","protected":false},"excerpt":{"rendered":"<p>\ud83c\udde9\ud83c\uddea Deutsch \u00a0\u00a0\u00a0\u00a0\u00a0\u00a0\u00a0\u00a0\u00a0\u00a0\u00a0\u00a0\u00a0\u00a0\u00a0\u00a0\u00a0\u00a0\u00a0\u00a0 \ud83c\udde6\ud83c\uddea \u0627\u0644\u0639\u0631\u0628\u064a\u0629 \ud83c\uddec\ud83c\udde7 English \u00a0 \u00a0 \u00a0 \u00a0 \u00a0 \u00a0 \u00a0 \u00a0 \u00a0 \u00a0 \u00a0 \ud83c\uddee\ud83c\uddf7 \u0641\u0627\u0631\u0633\u06cc \ud83c\uddea\ud83c\uddf8 Espa\u00f1ol \u00a0\u00a0\u00a0\u00a0\u00a0\u00a0\u00a0\u00a0\u00a0 \u00a0\u00a0 \u00a0 \u00a0\u00a0 \u00a0\u00a0 \ud83c\udde6\ud83c\uddeb \u062f\u0631\u06cc \ud83c\uddeb\ud83c\uddf7 Fran\u00e7ais \u00a0 \u00a0 \u00a0 \u00a0 \u00a0 \u00a0 \u00a0 \u00a0\u00a0 \u00a0\u00a0 &hellip; <a href=\"https:\/\/soliasylwue.noblogs.org\/it\/contatto\/\">Continua a leggere<span class=\"meta-nav\">&rarr;<\/span><\/a><\/p>\n","protected":false},"author":18365,"featured_media":0,"parent":0,"menu_order":0,"comment_status":"closed","ping_status":"closed","template":"","meta":{"_locale":"it_IT","_original_post":"https:\/\/soliasylwue.noblogs.org\/?page_id=23","footnotes":""},"class_list":["post-1262","page","type-page","status-publish","hentry","it-IT"],"_links":{"self":[{"href":"https:\/\/soliasylwue.noblogs.org\/wp-json\/wp\/v2\/pages\/1262","targetHints":{"allow":["GET"]}}],"collection":[{"href":"https:\/\/soliasylwue.noblogs.org\/wp-json\/wp\/v2\/pages"}],"about":[{"href":"https:\/\/soliasylwue.noblogs.org\/wp-json\/wp\/v2\/types\/page"}],"author":[{"embeddable":true,"href":"https:\/\/soliasylwue.noblogs.org\/wp-json\/wp\/v2\/users\/18365"}],"replies":[{"embeddable":true,"href":"https:\/\/soliasylwue.noblogs.org\/wp-json\/wp\/v2\/comments?post=1262"}],"version-history":[{"count":13,"href":"https:\/\/soliasylwue.noblogs.org\/wp-json\/wp\/v2\/pages\/1262\/revisions"}],"predecessor-version":[{"id":1437,"href":"https:\/\/soliasylwue.noblogs.org\/wp-json\/wp\/v2\/pages\/1262\/revisions\/1437"}],"wp:attachment":[{"href":"https:\/\/soliasylwue.noblogs.org\/wp-json\/wp\/v2\/media?parent=1262"}],"curies":[{"name":"wp","href":"https:\/\/api.w.org\/{rel}","templated":true}]}}