{"id":791,"date":"2024-01-01T17:25:07","date_gmt":"2024-01-01T16:25:07","guid":{"rendered":"https:\/\/soliasylwue.noblogs.org\/?page_id=791"},"modified":"2025-10-16T20:06:20","modified_gmt":"2025-10-16T18:06:20","slug":"das-netzwerk","status":"publish","type":"page","link":"https:\/\/soliasylwue.noblogs.org\/","title":{"rendered":"R\u00e9seau Soli-Asyl W\u00fcrzburg"},"content":{"rendered":"<h1><strong>\ud83c\udde9\ud83c\uddea <a href=\"https:\/\/soliasylwue.noblogs.org\/\">Deutsch<\/a> \u00a0\u00a0\u00a0\u00a0\u00a0\u00a0\u00a0\u00a0\u00a0\u00a0\u00a0\u00a0\u00a0\u00a0\u00a0\u00a0\u00a0\u00a0\u00a0\u00a0 \ud83c\udde6\ud83c\uddea <a href=\"https:\/\/soliasylwue.noblogs.org\/fi\/\">\u0627\u0644\u0639\u0631\u0628\u064a\u0629<\/a><\/strong><\/h1>\n<h1>\ud83c\uddec\ud83c\udde7 <a href=\"https:\/\/soliasylwue.noblogs.org\/en-US\/\"><strong>English<\/strong><\/a> \u00a0 \u00a0 \u00a0 \u00a0 \u00a0 \u00a0 \u00a0\u00a0 \u00a0\u00a0 \u00a0\u00a0\u00a0 <strong>\ud83c\uddee\ud83c\uddf7<\/strong><a href=\"https:\/\/soliasylwue.noblogs.org\/cy\/\"><strong> \u0641\u0627\u0631\u0633\u06cc<\/strong><\/a><\/h1>\n<h1>\ud83c\uddea\ud83c\uddf8 <a href=\"https:\/\/soliasylwue.noblogs.org\/es\/\">Espa\u00f1ol<\/a>\u00a0 \u00a0 \u00a0 \u00a0 \u00a0 \u00a0 \u00a0 \u00a0 \u00a0 \u00a0 \u00a0 \ud83c\udde6\ud83c\uddeb <a href=\"https:\/\/soliasylwue.noblogs.org\/ja\/\">\u062f\u0631\u06cc<\/a><\/h1>\n<h1>\ud83c\uddee\ud83c\uddf9 <span lang=\"tr\"><a href=\"https:\/\/soliasylwue.noblogs.org\/it\/\">Italiano<\/a>\u00a0\u00a0\u00a0 \u00a0 \u00a0 \u00a0 \u00a0 \u00a0 \u00a0 \u00a0 \u00a0 \u00a0\u00a0 <\/span>\ud83c\udde6\ud83c\uddeb <a href=\"https:\/\/soliasylwue.noblogs.org\/nl\/\">\u067e\u069a\u062a\u0648<\/a><\/h1>\n<h1><strong>\ud83c\uddf7\ud83c\uddfa <\/strong><a href=\"https:\/\/soliasylwue.noblogs.org\/ru\/\">\u0420\u0443\u0441\u0441\u043a\u0438\u0439<\/a>\u00a0\u00a0\u00a0\u00a0\u00a0\u00a0\u00a0\u00a0\u00a0\u00a0\u00a0\u00a0\u00a0\u00a0\u00a0\u00a0\u00a0\u00a0\u00a0\u00a0 <strong>\ud83c\uddf8\ud83c\uddf4 <a href=\"https:\/\/soliasylwue.noblogs.org\/nn\/\">Soomaali<\/a> \u00a0 \u00a0<\/strong> \u00a0<span lang=\"tr\"><br \/>\n<\/span><\/h1>\n<h1><strong> \ud83c\udde6\ud83c\uddf1 <a href=\"https:\/\/soliasylwue.noblogs.org\/el\/\">Shqiptare<\/a>\u00a0\u00a0\u00a0\u00a0\u00a0 \u00a0 \u00a0\u00a0 \u00a0\u00a0\u00a0\u00a0\u00a0\u00a0\u00a0 <\/strong><span lang=\"tr\">\ud83c\uddea\ud83c\uddf7 <a href=\"https:\/\/soliasylwue.noblogs.org\/da\/\"><strong>\u1275\u130d\u122d\u129b<\/strong><\/a><\/span><\/h1>\n<h1><span class=\"ILfuVd\" lang=\"de\"><span class=\"hgKElc\"><b>\ud83c\uddf9\ud83c\uddf7 <\/b><\/span><\/span><a href=\"https:\/\/soliasylwue.noblogs.org\/ca\/\"><strong>T\u00fcrk\u00e7e<\/strong><\/a> \u00a0\u00a0\u00a0\u00a0\u00a0\u00a0\u00a0\u00a0\u00a0\u00a0\u00a0\u00a0\u00a0\u00a0\u00a0 \u00a0\u00a0 \u00a0\u00a0\u00a0 <span class=\"ILfuVd\" lang=\"de\"><span class=\"hgKElc\"><b>\ud83c\uddf2\ud83c\uddf1 <\/b><\/span><\/span><a href=\"https:\/\/soliasylwue.noblogs.org\/sk\/\"><strong>Bamanankan<\/strong><\/a><\/h1>\n<hr \/>\n<p>Le \u00bb<strong>R\u00e9seau Soli-Asyl W\u00fcrzburg\u00ab<\/strong> est une structure locale et ind\u00e9pendante d&rsquo;activistes, d&rsquo;initiatives de solidarit\u00e9 et d&rsquo;individus dans la r\u00e9gion de W\u00fcrzburg et fait partie du r\u00e9seau <a href=\"https:\/\/aktionbuergerinnenasyl.de\"><strong>\u00bbAktion B\u00fcrger*innenasyl\u00ab<\/strong><\/a>.<\/p>\n<p><strong>Avec les personnes qui luttent contre leur expulsion, nous voulons cr\u00e9er des structures de solidarit\u00e9 qui soutiennent les personnes dans leur lutte pour leur droit de s\u00e9jour en Allemagne.<\/strong> L&rsquo;objectif de notre initiative est de fournir aux personnes menac\u00e9es d&rsquo;expulsion des lieux de refuge et d&rsquo;h\u00e9bergement temporaires, de leur garantir l&rsquo;acc\u00e8s aux soins de sant\u00e9 et aux conseils juridiques, et de les soutenir dans la recherche et d\u00e9veloppement de perspectives durables.<\/p>\n<p><strong>Dans un acte commun de d\u00e9sob\u00e9issance civile et de solidarit\u00e9 v\u00e9cue, nous voulons mettre des b\u00e2tons dans les roues de la machine des expulsions et contribuer \u00e0 rendre impossible cette pratique inhumaine.<\/strong> Nous d\u00e9fendons le droit inconditionnel de s\u00e9jour et la libert\u00e9 de circulation pour toustes, ainsi qu&rsquo;un monde soldiaire dans lequel la dignit\u00e9 humaine est vraiment inviolable. Nous refusons d&rsquo;accepter la politique de d\u00e9portation et d&rsquo;exclusion qui pr\u00e9vaut actuellement et nous exigeons que les personnes puissent d\u00e9cider librement o\u00f9 elles peuvent et veulent vivre.<\/p>\n<p><strong>Nous sommes convaincus que la migration, le d\u00e9passement des fronti\u00e8res et la lutte pour le droit au s\u00e9jour repr\u00e9sentent des formes principales de r\u00e9sistance politique active contre les relations mondiales de domination et d&rsquo;exploitation.<\/strong> Cependant, ces luttes se d\u00e9roulent souvent loin du grand public et restent invisibles dans des camps isol\u00e9s. Il est temps que les personnes ayant plus de privil\u00e8ges suivent d\u00e9sormais ces exemples, fassent preuve de solidarit\u00e9 et ouvrent des lieux de refuge pour les personnes qui sont menac\u00e9es\u00a0d&rsquo;expulsion.<\/p>\n<p><strong>Notre initiative est d\u00e9lib\u00e9r\u00e9ment non secr\u00e8te, son objectif est politique.<\/strong> Nous voulons vivre dans une ville solidaire et consid\u00e9rons Soli-Asyl comme faisant partie d&rsquo;un mouvement social mondial qui \u0153uvre pour que les droits de l&rsquo;homme s&rsquo;appliquent \u00e0 tous sans exception ni condition. Tout le monde a droit au logement, \u00e0 l&rsquo;\u00e9ducation, \u00e0 la sant\u00e9 et \u00e0 la mobilit\u00e9, ind\u00e9pendamment du statut social ou juridique, de l&rsquo;origine,\u00a0 de sexe ou d&rsquo;autres crit\u00e8res construits.<\/p>\n<p><strong>Ensemble, emp\u00eachons les expulsions et opposons-nous r\u00e9solument aux politiques allemandes et europ\u00e9ennes d&rsquo;isolement!<\/strong><\/p>\n<p><em><strong>Personne n&rsquo;est ill\u00e9gal!<\/strong><\/em><br \/>\n<em><strong>Pour un monde sans fronti\u00e8res!<\/strong><\/em><br \/>\n<em><strong>Pour un droit de s\u00e9jour inconditionnel pour toustes!<\/strong><\/em><\/p>\n<div id=\"simple-translate\" class=\"simple-translate-system-theme\">\n<div>\n<div class=\"simple-translate-button isShow\" style=\"height: 22px;width: 22px;top: 103px;left: 444px\"><\/div>\n<div class=\"simple-translate-panel \" style=\"width: 300px;height: 200px;top: 0px;left: 0px;font-size: 13px\">\n<div class=\"simple-translate-result-wrapper\" style=\"overflow: hidden\">\n<div class=\"simple-translate-move\"><\/div>\n<div class=\"simple-translate-result-contents\">\n<p class=\"simple-translate-result\" dir=\"auto\">\n<p class=\"simple-translate-candidate\" dir=\"auto\">\n<\/div>\n<\/div>\n<\/div>\n<\/div>\n<\/div>\n","protected":false},"excerpt":{"rendered":"<p>\ud83c\udde9\ud83c\uddea Deutsch \u00a0\u00a0\u00a0\u00a0\u00a0\u00a0\u00a0\u00a0\u00a0\u00a0\u00a0\u00a0\u00a0\u00a0\u00a0\u00a0\u00a0\u00a0\u00a0\u00a0 \ud83c\udde6\ud83c\uddea \u0627\u0644\u0639\u0631\u0628\u064a\u0629 \ud83c\uddec\ud83c\udde7 English \u00a0 \u00a0 \u00a0 \u00a0 \u00a0 \u00a0 \u00a0\u00a0 \u00a0\u00a0 \u00a0\u00a0\u00a0 \ud83c\uddee\ud83c\uddf7 \u0641\u0627\u0631\u0633\u06cc \ud83c\uddea\ud83c\uddf8 Espa\u00f1ol\u00a0 \u00a0 \u00a0 \u00a0 \u00a0 \u00a0 \u00a0 \u00a0 \u00a0 \u00a0 \u00a0 \ud83c\udde6\ud83c\uddeb \u062f\u0631\u06cc \ud83c\uddee\ud83c\uddf9 Italiano\u00a0\u00a0\u00a0 \u00a0 \u00a0 \u00a0 \u00a0 \u00a0 \u00a0 &hellip; <a href=\"https:\/\/soliasylwue.noblogs.org\/\">Continuer la lecture <span class=\"meta-nav\">&rarr;<\/span><\/a><\/p>\n","protected":false},"author":18365,"featured_media":0,"parent":0,"menu_order":0,"comment_status":"closed","ping_status":"open","template":"","meta":{"_locale":"fr_FR","_original_post":"https:\/\/soliasylwue.noblogs.org\/?page_id=2","footnotes":""},"class_list":["post-791","page","type-page","status-publish","hentry","fr-FR"],"_links":{"self":[{"href":"https:\/\/soliasylwue.noblogs.org\/wp-json\/wp\/v2\/pages\/791","targetHints":{"allow":["GET"]}}],"collection":[{"href":"https:\/\/soliasylwue.noblogs.org\/wp-json\/wp\/v2\/pages"}],"about":[{"href":"https:\/\/soliasylwue.noblogs.org\/wp-json\/wp\/v2\/types\/page"}],"author":[{"embeddable":true,"href":"https:\/\/soliasylwue.noblogs.org\/wp-json\/wp\/v2\/users\/18365"}],"replies":[{"embeddable":true,"href":"https:\/\/soliasylwue.noblogs.org\/wp-json\/wp\/v2\/comments?post=791"}],"version-history":[{"count":10,"href":"https:\/\/soliasylwue.noblogs.org\/wp-json\/wp\/v2\/pages\/791\/revisions"}],"predecessor-version":[{"id":1464,"href":"https:\/\/soliasylwue.noblogs.org\/wp-json\/wp\/v2\/pages\/791\/revisions\/1464"}],"wp:attachment":[{"href":"https:\/\/soliasylwue.noblogs.org\/wp-json\/wp\/v2\/media?parent=791"}],"curies":[{"name":"wp","href":"https:\/\/api.w.org\/{rel}","templated":true}]}}