{"id":1178,"date":"2024-04-05T19:13:39","date_gmt":"2024-04-05T17:13:39","guid":{"rendered":"https:\/\/soliasylwue.noblogs.org\/?page_id=1178"},"modified":"2024-10-03T17:07:17","modified_gmt":"2024-10-03T15:07:17","slug":"contact","status":"publish","type":"page","link":"https:\/\/soliasylwue.noblogs.org\/fr\/contact\/","title":{"rendered":"Contact"},"content":{"rendered":"<h1>\ud83c\udde9\ud83c\uddea <a href=\"https:\/\/soliasylwue.noblogs.org\/kontakt\/\"><strong>Deutsch<\/strong><\/a> \u00a0\u00a0\u00a0\u00a0\u00a0\u00a0\u00a0\u00a0\u00a0\u00a0\u00a0\u00a0\u00a0\u00a0\u00a0\u00a0\u00a0\u00a0\u00a0 <strong>\ud83c\udde6\ud83c\uddea <a href=\"https:\/\/soliasylwue.noblogs.org\/fi\/aitisal\/\">\u0627\u0644\u0639\u0631\u0628\u064a\u0629<\/a><\/strong><\/h1>\n<h1>\ud83c\uddec\ud83c\udde7 <a href=\"https:\/\/soliasylwue.noblogs.org\/en-US\/contact\/\"><strong>English<\/strong><\/a> \u00a0\u00a0\u00a0\u00a0\u00a0\u00a0\u00a0\u00a0\u00a0\u00a0\u00a0\u00a0\u00a0\u00a0\u00a0\u00a0\u00a0\u00a0\u00a0\u00a0 <strong>\ud83c\uddee\ud83c\uddf7<\/strong><a href=\"https:\/\/soliasylwue.noblogs.org\/cy\/kontakt\"><strong> \u0641\u0627\u0631\u0633\u06cc<\/strong><\/a><\/h1>\n<h1>\ud83c\uddea\ud83c\uddf8 <a href=\"https:\/\/soliasylwue.noblogs.org\/es\/contacto\">Espa\u00f1ol<\/a>\u00a0 \u00a0 \u00a0 \u00a0 \u00a0 \u00a0 \u00a0 \u00a0 \u00a0 \u00a0 \u00a0\ud83c\udde6\ud83c\uddeb <a href=\"https:\/\/soliasylwue.noblogs.org\/ja\/kontakt\">\u062f\u0631\u06cc<\/a><\/h1>\n<h1>\ud83c\uddee\ud83c\uddf9 <span lang=\"tr\"><a href=\"https:\/\/soliasylwue.noblogs.org\/it\/contatto\/\">Italiano<\/a> \u00a0\u00a0 \u00a0 \u00a0 \u00a0 \u00a0 \u00a0 \u00a0 \u00a0 \u00a0 \u00a0\u00a0 <\/span>\ud83c\udde6\ud83c\uddeb <a href=\"https:\/\/soliasylwue.noblogs.org\/nl\/kontakt\/\">\u067e\u069a\u062a\u0648<\/a><\/h1>\n<h1><strong>\ud83c\uddf7\ud83c\uddfa <\/strong><a href=\"https:\/\/soliasylwue.noblogs.org\/ru\/kontakt\">\u0420\u0443\u0441\u0441\u043a\u0438\u0439<\/a>\u00a0\u00a0\u00a0\u00a0\u00a0\u00a0\u00a0\u00a0\u00a0\u00a0\u00a0\u00a0\u00a0\u00a0\u00a0\u00a0\u00a0\u00a0\u00a0\u00a0 <strong>\ud83c\uddf8\ud83c\uddf4 <a href=\"https:\/\/soliasylwue.noblogs.org\/nn\/xidhiidh\">Soomaali<\/a> \u00a0 \u00a0<\/strong> \u00a0<span lang=\"tr\"><br \/>\n<\/span><\/h1>\n<h1><strong> \ud83c\udde6\ud83c\uddf1 <a href=\"https:\/\/soliasylwue.noblogs.org\/el\/kontaktoni\/\">Shqiptare<\/a>\u00a0\u00a0\u00a0\u00a0\u00a0 \u00a0 \u00a0\u00a0 \u00a0\u00a0\u00a0\u00a0\u00a0\u00a0\u00a0 <\/strong><span lang=\"tr\">\ud83c\uddea\ud83c\uddf7 <a href=\"https:\/\/soliasylwue.noblogs.org\/da\/\"><strong>\u1275\u130d\u122d\u129b<\/strong><\/a><\/span><\/h1>\n<h1><span class=\"ILfuVd\" lang=\"de\"><span class=\"hgKElc\"><b>\ud83c\uddf9\ud83c\uddf7 <\/b><\/span><\/span><a href=\"https:\/\/soliasylwue.noblogs.org\/ca\/\"><strong>T\u00fcrk\u00e7e<\/strong><\/a><strong> \u00a0\u00a0\u00a0\u00a0 \u00a0 \u00a0 \u00a0 \u00a0 \u00a0\u00a0 \u00a0 \u00a0 \u00a0 \u00a0<\/strong><span class=\"ILfuVd\" lang=\"de\"><span class=\"hgKElc\"><b>\ud83c\uddf2\ud83c\uddf1 <\/b><\/span><\/span><a href=\"https:\/\/soliasylwue.noblogs.org\/sk\/\"><strong>Bamanankan<\/strong><\/a><\/h1>\n<hr \/>\n<p><strong>Nous sommes le R\u00e9seau Soli-Asyl W\u00fcrzburg.<\/strong> Nous voulons que chacun.e puisse d\u00e9cider librement o\u00f9 il*elle peut et veut vivre. C&rsquo;est pourquoi nous soutenons les personnes menac\u00e9es d&rsquo;expulsion dans leur lutte pour le droit de rester. Nous ne sommes pas une organisation ni une \u00e9glise. Nous sommes un r\u00e9seau de solidarit\u00e9 qui s qui travaille gratuitement, sur la base du volontariat et ind\u00e9pendamment des institutions publiques.<\/p>\n<p><strong>Si vous habitez \u00e0 W\u00fcrzburg ou dans les environs, nous efforcerons de vous trouver un endroit s\u00fbr o\u00f9 dormir<\/strong> <strong>jusqu&rsquo;\u00e0 ce que la menace d&rsquo;expulsion prenne fin<\/strong>. Si vous n&rsquo;habitez pas dans la r\u00e9gion de W\u00fcrzburg, nous ne pouvons malheureusement pas vous aider \u00e0 trouver un endroit o\u00f9 dormir. Toutefois, nous pouvons vous indiquer o\u00f9 vous pourriez obtenir de l&rsquo;aide.<\/p>\n<p><strong>Comme nous recevons beaucoup de demandes,<\/strong> nous n&rsquo;avons malheureusement pas toujours assez de places pour tout le monde. Si nous estimons que le risque d&rsquo;expulsion est tr\u00e8s \u00e9lev\u00e9, nous essaierons de vous trouver un endroit s\u00fbr le plus rapidement possible. Nous vous demandons de comprendre que nous devons d&rsquo;abord soutenir les personnes dont le risque d&rsquo;expulsion est tr\u00e8s \u00e9lev\u00e9.<\/p>\n<p><strong>Pour savoir si et comment nous pouvons vous aider, nous devons d&rsquo;abord en savoir plus sur votre situation.<\/strong> Vous pouvez nous envoyer un message s\u00e9curis\u00e9 en utilisant le formulaire de contact ci-dessous. Veuillez nous communiquer votre num\u00e9ro de t\u00e9l\u00e9phone et installer l&rsquo;application de messagerie <a href=\"https:\/\/signal.org\/install\"><strong>\u00bbSignal\u00ab<\/strong><\/a>. Nous vous contacterons alors via Signal.<\/p>\n<p><strong>Pour les demandes g\u00e9n\u00e9rales et les questions sur notre r\u00e9seau<\/strong> qui ne n\u00e9cessitent pas l&rsquo;\u00e9change de donn\u00e9es sensibles, vous pouvez \u00e9galement nous contacter \u00e0 l&rsquo;adresse suivante : <a href=\"mailto:soliasylwue@riseup.net\">soliasylwue(at)riseup(dot)net<\/a>.<br \/>\nVous pouvez t\u00e9l\u00e9charger notre <strong>cl\u00e9 PGP publique<\/strong> <a href=\"https:\/\/keys.openpgp.org\/vks\/v1\/by-fingerprint\/5604831306F996E09F5479D81FDDB8F807875D1E\"><strong>ici<\/strong><\/a>.<\/p>\n<p><code><div class=\"secure-form\"><div id=\"message-group\" class=\"form-group\"><label for=\"message\">Message<\/label><textarea id=\"message\" name=\"message\" rows=\"5\"><\/textarea><\/div><form id=\"sform\" method=\"post\"><div id=\"subject-group\" class=\"form-group\"><label for=\"subject\">Subject<\/label><input type=\"text\" id=\"subject\" name=\"subject\"><\/div><div id=\"name-group\" class=\"form-group\"><label for=\"name\">Your name<\/label><input type=\"text\" id=\"name\" name=\"name\"><\/div><div id=\"email-group\" class=\"form-group\"><label for=\"email\">Your email<\/label><input type=\"text\" id=\"email\" name=\"email\"><\/div><input type=\"hidden\" id=\"encryptedMessage\" name=\"encryptedMessage\"><input type=\"submit\" name=\"submit\" value=\"Submit\"><\/form><\/div><\/code><\/p>\n<div id=\"simple-translate\" class=\"simple-translate-system-theme\">\n<div>\n<div class=\"simple-translate-button isShow\" style=\"height: 22px;width: 22px;top: 255px;left: -48px\"><\/div>\n<div class=\"simple-translate-panel \" style=\"width: 300px;height: 200px;top: 0px;left: 0px;font-size: 13px\">\n<div class=\"simple-translate-result-wrapper\" style=\"overflow: hidden\">\n<div class=\"simple-translate-move\"><\/div>\n<div class=\"simple-translate-result-contents\">\n<p class=\"simple-translate-result\" dir=\"auto\">\n<p class=\"simple-translate-candidate\" dir=\"auto\">\n<\/div>\n<\/div>\n<\/div>\n<\/div>\n<\/div>\n","protected":false},"excerpt":{"rendered":"<p>\ud83c\udde9\ud83c\uddea Deutsch \u00a0\u00a0\u00a0\u00a0\u00a0\u00a0\u00a0\u00a0\u00a0\u00a0\u00a0\u00a0\u00a0\u00a0\u00a0\u00a0\u00a0\u00a0\u00a0 \ud83c\udde6\ud83c\uddea \u0627\u0644\u0639\u0631\u0628\u064a\u0629 \ud83c\uddec\ud83c\udde7 English \u00a0\u00a0\u00a0\u00a0\u00a0\u00a0\u00a0\u00a0\u00a0\u00a0\u00a0\u00a0\u00a0\u00a0\u00a0\u00a0\u00a0\u00a0\u00a0\u00a0 \ud83c\uddee\ud83c\uddf7 \u0641\u0627\u0631\u0633\u06cc \ud83c\uddea\ud83c\uddf8 Espa\u00f1ol\u00a0 \u00a0 \u00a0 \u00a0 \u00a0 \u00a0 \u00a0 \u00a0 \u00a0 \u00a0 \u00a0\ud83c\udde6\ud83c\uddeb \u062f\u0631\u06cc \ud83c\uddee\ud83c\uddf9 Italiano \u00a0\u00a0 \u00a0 \u00a0 \u00a0 \u00a0 \u00a0 \u00a0 \u00a0 \u00a0 \u00a0\u00a0 \ud83c\udde6\ud83c\uddeb \u067e\u069a\u062a\u0648 \ud83c\uddf7\ud83c\uddfa \u0420\u0443\u0441\u0441\u043a\u0438\u0439\u00a0\u00a0\u00a0\u00a0\u00a0\u00a0\u00a0\u00a0\u00a0\u00a0\u00a0\u00a0\u00a0\u00a0\u00a0\u00a0\u00a0\u00a0\u00a0\u00a0 \ud83c\uddf8\ud83c\uddf4 &hellip; <a href=\"https:\/\/soliasylwue.noblogs.org\/fr\/contact\/\">Continuer la lecture <span class=\"meta-nav\">&rarr;<\/span><\/a><\/p>\n","protected":false},"author":18365,"featured_media":0,"parent":0,"menu_order":0,"comment_status":"closed","ping_status":"closed","template":"","meta":{"_locale":"fr_FR","_original_post":"https:\/\/soliasylwue.noblogs.org\/?page_id=23","footnotes":""},"class_list":["post-1178","page","type-page","status-publish","hentry","fr-FR"],"_links":{"self":[{"href":"https:\/\/soliasylwue.noblogs.org\/wp-json\/wp\/v2\/pages\/1178","targetHints":{"allow":["GET"]}}],"collection":[{"href":"https:\/\/soliasylwue.noblogs.org\/wp-json\/wp\/v2\/pages"}],"about":[{"href":"https:\/\/soliasylwue.noblogs.org\/wp-json\/wp\/v2\/types\/page"}],"author":[{"embeddable":true,"href":"https:\/\/soliasylwue.noblogs.org\/wp-json\/wp\/v2\/users\/18365"}],"replies":[{"embeddable":true,"href":"https:\/\/soliasylwue.noblogs.org\/wp-json\/wp\/v2\/comments?post=1178"}],"version-history":[{"count":14,"href":"https:\/\/soliasylwue.noblogs.org\/wp-json\/wp\/v2\/pages\/1178\/revisions"}],"predecessor-version":[{"id":1432,"href":"https:\/\/soliasylwue.noblogs.org\/wp-json\/wp\/v2\/pages\/1178\/revisions\/1432"}],"wp:attachment":[{"href":"https:\/\/soliasylwue.noblogs.org\/wp-json\/wp\/v2\/media?parent=1178"}],"curies":[{"name":"wp","href":"https:\/\/api.w.org\/{rel}","templated":true}]}}