{"id":805,"date":"2024-01-01T18:09:20","date_gmt":"2024-01-01T17:09:20","guid":{"rendered":"https:\/\/soliasylwue.noblogs.org\/?page_id=805"},"modified":"2025-10-16T20:04:59","modified_gmt":"2025-10-16T18:04:59","slug":"das-netzwerk","status":"publish","type":"page","link":"https:\/\/soliasylwue.noblogs.org\/","title":{"rendered":"Red Soli-Asyl W\u00fcrzburg"},"content":{"rendered":"<h1><strong>\ud83c\udde9\ud83c\uddea <a href=\"https:\/\/soliasylwue.noblogs.org\/\">Deutsch<\/a> \u00a0\u00a0\u00a0\u00a0\u00a0\u00a0\u00a0\u00a0\u00a0\u00a0\u00a0\u00a0\u00a0\u00a0\u00a0\u00a0\u00a0\u00a0\u00a0\u00a0 \ud83c\udde6\ud83c\uddea <a href=\"https:\/\/soliasylwue.noblogs.org\/fi\/\">\u0627\u0644\u0639\u0631\u0628\u064a\u0629<\/a><\/strong><\/h1>\n<h1>\ud83c\uddec\ud83c\udde7 <a href=\"https:\/\/soliasylwue.noblogs.org\/en-US\/\"><strong>English<\/strong><\/a> \u00a0 \u00a0 \u00a0 \u00a0 \u00a0 \u00a0 \u00a0 \u00a0 \u00a0\u00a0 \u00a0\u00a0 <strong>\ud83c\uddee\ud83c\uddf7<\/strong><a href=\"https:\/\/soliasylwue.noblogs.org\/cy\/\"><strong> \u0641\u0627\u0631\u0633\u06cc<\/strong><\/a><\/h1>\n<h1>\ud83c\uddeb\ud83c\uddf7 <a href=\"https:\/\/soliasylwue.noblogs.org\/fr\">Fran\u00e7ais<\/a> \u00a0\u00a0\u00a0\u00a0\u00a0\u00a0\u00a0\u00a0\u00a0\u00a0 \u00a0 \u00a0 \u00a0\u00a0\u00a0\u00a0 \ud83c\udde6\ud83c\uddeb <a href=\"https:\/\/soliasylwue.noblogs.org\/ja\">\u062f\u0631\u06cc<\/a><\/h1>\n<h1>\ud83c\uddee\ud83c\uddf9 <span lang=\"tr\"><a href=\"https:\/\/soliasylwue.noblogs.org\/it\/\">Italiano<\/a> \u00a0\u00a0 \u00a0 \u00a0 \u00a0 \u00a0 \u00a0 \u00a0 \u00a0 \u00a0 \u00a0\u00a0 <\/span>\ud83c\udde6\ud83c\uddeb <a href=\"https:\/\/soliasylwue.noblogs.org\/nl\/\">\u067e\u069a\u062a\u0648<\/a><\/h1>\n<h1><strong>\ud83c\uddf7\ud83c\uddfa <\/strong><a href=\"https:\/\/soliasylwue.noblogs.org\/ru\/\">\u0420\u0443\u0441\u0441\u043a\u0438\u0439<\/a>\u00a0\u00a0\u00a0\u00a0\u00a0\u00a0\u00a0\u00a0\u00a0\u00a0\u00a0\u00a0\u00a0\u00a0\u00a0\u00a0\u00a0\u00a0\u00a0\u00a0 <strong>\ud83c\uddf8\ud83c\uddf4 <a href=\"https:\/\/soliasylwue.noblogs.org\/nn\/\">Soomaali<\/a> \u00a0 \u00a0<\/strong> \u00a0<span lang=\"tr\"><br \/>\n<\/span><\/h1>\n<h1><strong> \ud83c\udde6\ud83c\uddf1 <a href=\"https:\/\/soliasylwue.noblogs.org\/el\/\">Shqiptare<\/a>\u00a0\u00a0\u00a0\u00a0\u00a0 \u00a0 \u00a0\u00a0 \u00a0\u00a0\u00a0\u00a0\u00a0\u00a0\u00a0 <\/strong><span lang=\"tr\">\ud83c\uddea\ud83c\uddf7 <a href=\"https:\/\/soliasylwue.noblogs.org\/da\/\"><strong>\u1275\u130d\u122d\u129b<\/strong><\/a><\/span><\/h1>\n<h1><span class=\"ILfuVd\" lang=\"de\"><span class=\"hgKElc\"><b>\ud83c\uddf9\ud83c\uddf7 <\/b><\/span><\/span><a href=\"https:\/\/soliasylwue.noblogs.org\/ca\/\"><strong>T\u00fcrk\u00e7e<\/strong><\/a> \u00a0\u00a0\u00a0\u00a0\u00a0\u00a0\u00a0\u00a0\u00a0\u00a0\u00a0\u00a0\u00a0\u00a0\u00a0 \u00a0\u00a0 \u00a0\u00a0\u00a0 <span class=\"ILfuVd\" lang=\"de\"><span class=\"hgKElc\"><b>\ud83c\uddf2\ud83c\uddf1 <\/b><\/span><\/span><a href=\"https:\/\/soliasylwue.noblogs.org\/sk\/\"><strong>Bamanankan<\/strong><\/a><\/h1>\n<hr \/>\n<p>La <strong>\u00bb<\/strong><strong>Red Soli-Asyl W\u00fcrzburg\u00ab<\/strong> es una asociaci\u00f3n local y independiente de activistas, iniciativas solidarias y personas particulares de la regi\u00f3n de W\u00fcrzburg que forma parte de la red <a href=\"https:\/\/aktionbuergerinnenasyl.de\"><strong>\u00bbAktion B\u00fcrger*innenasyl\u00ab<\/strong><\/a>.<\/p>\n<p><strong>Conjuntamente con las personas que luchan contra su deportaci\u00f3n queremos crear estructuras solidarias de apoyo en su lucha por su derecho a permanecer en Alemania.<\/strong> El objetivo de nuestra iniciativa es proporcionar a las personas amenazadas con la deportaci\u00f3n lugares temporales de refugio y cobijo, garantizarles el acceso a asistencia sanitaria y asesoramiento jur\u00eddico y apoyarlas en su b\u00fasqueda y desarrollo de perspectivas sostenibles.<\/p>\n<p><strong>En un acto colectivo de desobediencia civil y solidaridad, queremos poner palos en las ruedas de la maquinaria de deportaci\u00f3n y contribuir a hacer imposible esta pr\u00e1ctica inhumana. <\/strong>Defendemos el derecho incondicional a permanecer donde se quiera y a la libre circulaci\u00f3n de todas las personas, as\u00ed como un mundo solidario en el que la dignidad humana sea realmente intocable. Nos negamos a aceptar la pol\u00edtica actual de deportaciones y exclusi\u00f3n, y exigimos que se permita a las personas decidir libremente d\u00f3nde pueden y quieren vivir.<\/p>\n<p><strong>Estamos convencidos de que la migraci\u00f3n, la superaci\u00f3n de las fronteras y la lucha por el derecho a quedarse representan formas centrales de resistencia pol\u00edtica activa contra las relaciones globales de dominaci\u00f3n y explotaci\u00f3n. <\/strong>Sin embargo, estas luchas suelen tener lugar lejos de la voz p\u00fablica y permanecen invisibles en campamentos aislados. Ya es hora de que las personas con m\u00e1s privilegios sigan estos ejemplos, muestren su solidaridad y abran lugares de refugio para las personas amenazadas de deportaci\u00f3n.<\/p>\n<p><strong>De manera intencionada nuestra iniciativa no es secreta, su finalidad es pol\u00edtica.<\/strong> Queremos vivir en una ciudad solidaria y entender Soli-Asyl como parte de un movimiento social global que trabaja para asegurar que los derechos humanos se aplican incondicionalmente a todas las personas sin excepci\u00f3n. Toda persona tiene derecho a la vivienda, la educaci\u00f3n, la salud y la movilidad, con independencia de su social o jur\u00eddica, origen, sexo u otros criterios construidos.<\/p>\n<p><strong>\u00a1Trabajemos juntes para evitar las deportaciones y opong\u00e1monos decididamente a la pol\u00edtica alemana y europea de aislamiento!<\/strong><\/p>\n<p><em><strong>\u00a1Ning\u00fan ser humano es ilegal!<br \/>\n\u00a1Por un mundo sin fronteras!<br \/>\n\u00a1Por un derecho de permanencia incondicional para todas las personas!<\/strong><\/em><\/p>\n<div id=\"simple-translate\" class=\"simple-translate-system-theme\">\n<div>\n<div class=\"simple-translate-button isShow\" style=\"height: 22px;width: 22px;top: 105px;left: 279px\"><\/div>\n<div class=\"simple-translate-panel \" style=\"width: 300px;height: 200px;top: 0px;left: 0px;font-size: 13px\">\n<div class=\"simple-translate-result-wrapper\" style=\"overflow: hidden\">\n<div class=\"simple-translate-move\"><\/div>\n<div class=\"simple-translate-result-contents\">\n<p class=\"simple-translate-result\" dir=\"auto\">\n<p class=\"simple-translate-candidate\" dir=\"auto\">\n<\/div>\n<\/div>\n<\/div>\n<\/div>\n<\/div>\n","protected":false},"excerpt":{"rendered":"<p>\ud83c\udde9\ud83c\uddea Deutsch \u00a0\u00a0\u00a0\u00a0\u00a0\u00a0\u00a0\u00a0\u00a0\u00a0\u00a0\u00a0\u00a0\u00a0\u00a0\u00a0\u00a0\u00a0\u00a0\u00a0 \ud83c\udde6\ud83c\uddea \u0627\u0644\u0639\u0631\u0628\u064a\u0629 \ud83c\uddec\ud83c\udde7 English \u00a0 \u00a0 \u00a0 \u00a0 \u00a0 \u00a0 \u00a0 \u00a0 \u00a0\u00a0 \u00a0\u00a0 \ud83c\uddee\ud83c\uddf7 \u0641\u0627\u0631\u0633\u06cc \ud83c\uddeb\ud83c\uddf7 Fran\u00e7ais \u00a0\u00a0\u00a0\u00a0\u00a0\u00a0\u00a0\u00a0\u00a0\u00a0 \u00a0 \u00a0 \u00a0\u00a0\u00a0\u00a0 \ud83c\udde6\ud83c\uddeb \u062f\u0631\u06cc \ud83c\uddee\ud83c\uddf9 Italiano \u00a0\u00a0 \u00a0 \u00a0 \u00a0 \u00a0 \u00a0 \u00a0 \u00a0 \u00a0 \u00a0\u00a0 \ud83c\udde6\ud83c\uddeb &hellip; <a href=\"https:\/\/soliasylwue.noblogs.org\/\">Sigue leyendo <span class=\"meta-nav\">&rarr;<\/span><\/a><\/p>\n","protected":false},"author":18365,"featured_media":0,"parent":0,"menu_order":0,"comment_status":"closed","ping_status":"open","template":"","meta":{"_locale":"es_ES","_original_post":"https:\/\/soliasylwue.noblogs.org\/?page_id=2","footnotes":""},"class_list":["post-805","page","type-page","status-publish","hentry","es-ES"],"_links":{"self":[{"href":"https:\/\/soliasylwue.noblogs.org\/wp-json\/wp\/v2\/pages\/805","targetHints":{"allow":["GET"]}}],"collection":[{"href":"https:\/\/soliasylwue.noblogs.org\/wp-json\/wp\/v2\/pages"}],"about":[{"href":"https:\/\/soliasylwue.noblogs.org\/wp-json\/wp\/v2\/types\/page"}],"author":[{"embeddable":true,"href":"https:\/\/soliasylwue.noblogs.org\/wp-json\/wp\/v2\/users\/18365"}],"replies":[{"embeddable":true,"href":"https:\/\/soliasylwue.noblogs.org\/wp-json\/wp\/v2\/comments?post=805"}],"version-history":[{"count":10,"href":"https:\/\/soliasylwue.noblogs.org\/wp-json\/wp\/v2\/pages\/805\/revisions"}],"predecessor-version":[{"id":1460,"href":"https:\/\/soliasylwue.noblogs.org\/wp-json\/wp\/v2\/pages\/805\/revisions\/1460"}],"wp:attachment":[{"href":"https:\/\/soliasylwue.noblogs.org\/wp-json\/wp\/v2\/media?parent=805"}],"curies":[{"name":"wp","href":"https:\/\/api.w.org\/{rel}","templated":true}]}}