{"id":1184,"date":"2024-04-05T19:20:45","date_gmt":"2024-04-05T17:20:45","guid":{"rendered":"https:\/\/soliasylwue.noblogs.org\/?page_id=1184"},"modified":"2024-10-03T17:07:25","modified_gmt":"2024-10-03T15:07:25","slug":"contacto","status":"publish","type":"page","link":"https:\/\/soliasylwue.noblogs.org\/es\/contacto\/","title":{"rendered":"Contacto"},"content":{"rendered":"<h1>\ud83c\udde9\ud83c\uddea <a href=\"https:\/\/soliasylwue.noblogs.org\/kontakt\/\"><strong>Deutsch<\/strong><\/a> \u00a0\u00a0 \u00a0 \u00a0 \u00a0 \u00a0 \u00a0 \u00a0 \u00a0\u00a0 \u00a0 <strong>\ud83c\udde6\ud83c\uddea <a href=\"https:\/\/soliasylwue.noblogs.org\/fi\/aitisal\/\">\u0627\u0644\u0639\u0631\u0628\u064a\u0629<\/a><\/strong><\/h1>\n<h1>\ud83c\uddec\ud83c\udde7 <a href=\"https:\/\/soliasylwue.noblogs.org\/en-US\/contact\/\"><strong>English<\/strong><\/a> \u00a0 \u00a0 \u00a0 \u00a0 \u00a0 \u00a0 \u00a0 \u00a0 \u00a0\u00a0 \u00a0 <strong>\ud83c\uddee\ud83c\uddf7<\/strong><a href=\"https:\/\/soliasylwue.noblogs.org\/cy\/kontakt\"><strong> \u0641\u0627\u0631\u0633\u06cc<\/strong><\/a><\/h1>\n<h1>\ud83c\uddeb\ud83c\uddf7 <a href=\"https:\/\/soliasylwue.noblogs.org\/fr\/contact\">Fran\u00e7ais<\/a> \u00a0\u00a0\u00a0\u00a0\u00a0\u00a0\u00a0\u00a0\u00a0\u00a0 \u00a0 \u00a0 \u00a0\u00a0\u00a0\u00a0 \ud83c\udde6\ud83c\uddeb <a href=\"https:\/\/soliasylwue.noblogs.org\/ja\/kontakt\">\u062f\u0631\u06cc<\/a><\/h1>\n<h1>\ud83c\uddee\ud83c\uddf9 <span lang=\"tr\"><a href=\"https:\/\/soliasylwue.noblogs.org\/it\/contatto\/\">Italiano<\/a> \u00a0\u00a0 \u00a0 \u00a0 \u00a0 \u00a0 \u00a0 \u00a0 \u00a0 \u00a0 \u00a0\u00a0 <\/span>\ud83c\udde6\ud83c\uddeb <a href=\"https:\/\/soliasylwue.noblogs.org\/nl\/kontakt\/\">\u067e\u069a\u062a\u0648<\/a><\/h1>\n<h1><strong>\ud83c\uddf7\ud83c\uddfa <\/strong><a href=\"https:\/\/soliasylwue.noblogs.org\/ru\/kontakt\">\u0420\u0443\u0441\u0441\u043a\u0438\u0439<\/a>\u00a0\u00a0\u00a0\u00a0\u00a0\u00a0\u00a0\u00a0\u00a0\u00a0\u00a0\u00a0\u00a0\u00a0\u00a0\u00a0\u00a0\u00a0\u00a0\u00a0 <strong>\ud83c\uddf8\ud83c\uddf4 <a href=\"https:\/\/soliasylwue.noblogs.org\/nn\/xidhiidh\">Soomaali<\/a> \u00a0 \u00a0<\/strong> \u00a0<span lang=\"tr\"><br \/>\n<\/span><\/h1>\n<h1><strong> \ud83c\udde6\ud83c\uddf1 <a href=\"https:\/\/soliasylwue.noblogs.org\/el\/kontaktoni\/\">Shqiptare<\/a>\u00a0\u00a0\u00a0\u00a0\u00a0 \u00a0 \u00a0\u00a0 \u00a0\u00a0\u00a0\u00a0\u00a0\u00a0\u00a0 <\/strong><span lang=\"tr\">\ud83c\uddea\ud83c\uddf7 <a href=\"https:\/\/soliasylwue.noblogs.org\/da\/\"><strong>\u1275\u130d\u122d\u129b<\/strong><\/a><\/span><\/h1>\n<h1><span class=\"ILfuVd\" lang=\"de\"><span class=\"hgKElc\"><b>\ud83c\uddf9\ud83c\uddf7 <\/b><\/span><\/span><a href=\"https:\/\/soliasylwue.noblogs.org\/ca\/\"><strong>T\u00fcrk\u00e7e<\/strong><\/a><strong> \u00a0\u00a0\u00a0\u00a0 \u00a0 \u00a0 \u00a0 \u00a0 \u00a0\u00a0 \u00a0 \u00a0 \u00a0 \u00a0<\/strong><span class=\"ILfuVd\" lang=\"de\"><span class=\"hgKElc\"><b>\ud83c\uddf2\ud83c\uddf1 <\/b><\/span><\/span><a href=\"https:\/\/soliasylwue.noblogs.org\/sk\/\"><strong>Bamanankan<\/strong><\/a><\/h1>\n<hr \/>\n<p><strong>Somos la Red Soli-Asyl W\u00fcrzburg.<\/strong> Queremos que todas las personas puedan decidir libremente d\u00f3nde pueden y desean vivir. Por eso apoyamos a las personas amenazadas de deportaci\u00f3n en su lucha por el derecho a quedarse. No somos una organizaci\u00f3n ni una iglesia. Somos una red de solidaridad que trabaja de forma gratuita, voluntaria e independiente de las instituciones estatales.<\/p>\n<p><strong>Si vives en W\u00fcrzburg o en sus alrededores, intentaremos encontrarte un lugar seguro donde dormir<\/strong> <strong>hasta que termine tu amenaza de deportaci\u00f3n.<\/strong> Si no vives en zonas cercanas a W\u00fcrzburg, lamentablemente no podemos apoyarte con un lugar donde dormir. Sin embargo, podemos indicar d\u00f3nde podr\u00edas obtener ayuda.<\/p>\n<p><strong>Recibimos muchas solicitudes,<\/strong> por lo que lamentablemente no siempre tenemos suficientes plazas para todos. Si creemos que el riesgo de deportaci\u00f3n es muy alto, intentaremos encontrarte un lugar seguro lo antes posible. Le pedimos que comprenda que primero debemos apoyar a las personas cuyo riesgo de deportaci\u00f3n es muy alto.<\/p>\n<p><strong>Para evaluar si podemos ayudarte y c\u00f3mo, primero necesitamos saber m\u00e1s sobre tu situaci\u00f3n.<\/strong> Puede enviarnos un mensaje seguro a trav\u00e9s de nuestro formulario de contacto. Env\u00edenos su n\u00famero de tel\u00e9fono e instale la aplicaci\u00f3n de mensajer\u00eda <a href=\"https:\/\/signal.org\/install\"><strong>\u00bbSignal\u00ab<\/strong><\/a><a href=\"https:\/\/signal.org\/install\"><strong>.<\/strong><\/a> Nos pondremos en contacto con usted a trav\u00e9s de Signal.<\/p>\n<p><strong>Para consultas generales y preguntas sobre nuestra<\/strong> red que no requieran el intercambio de datos sensibles y personales, tambi\u00e9n puede ponerse en contacto con nosotros v\u00eda email: <a href=\"mailto:soliasylwue@riseup.net\">soliasylwue(at)riseup(dot)net<\/a><br \/>\nPuede descargar nuestra <strong>clave PGP p\u00fablica<a href=\"https:\/\/keys.openpgp.org\/vks\/v1\/by-fingerprint\/5604831306F996E09F5479D81FDDB8F807875D1E\"> aqu\u00ed<\/a>.<\/strong><\/p>\n<p><code><div class=\"secure-form\"><div id=\"message-group\" class=\"form-group\"><label for=\"message\">Mensaje<\/label><textarea id=\"message\" name=\"message\" rows=\"5\"><\/textarea><\/div><form id=\"sform\" method=\"post\"><div id=\"subject-group\" class=\"form-group\"><label for=\"subject\">Asunto<\/label><input type=\"text\" id=\"subject\" name=\"subject\"><\/div><div id=\"name-group\" class=\"form-group\"><label for=\"name\">Tu nombre<\/label><input type=\"text\" id=\"name\" name=\"name\"><\/div><div id=\"email-group\" class=\"form-group\"><label for=\"email\">Tu correo electr\u00f3nico<\/label><input type=\"text\" id=\"email\" name=\"email\"><\/div><input type=\"hidden\" id=\"encryptedMessage\" name=\"encryptedMessage\"><input type=\"submit\" name=\"submit\" value=\"Enviar\"><\/form><\/div><\/code><\/p>\n","protected":false},"excerpt":{"rendered":"<p>\ud83c\udde9\ud83c\uddea Deutsch \u00a0\u00a0 \u00a0 \u00a0 \u00a0 \u00a0 \u00a0 \u00a0 \u00a0\u00a0 \u00a0 \ud83c\udde6\ud83c\uddea \u0627\u0644\u0639\u0631\u0628\u064a\u0629 \ud83c\uddec\ud83c\udde7 English \u00a0 \u00a0 \u00a0 \u00a0 \u00a0 \u00a0 \u00a0 \u00a0 \u00a0\u00a0 \u00a0 \ud83c\uddee\ud83c\uddf7 \u0641\u0627\u0631\u0633\u06cc \ud83c\uddeb\ud83c\uddf7 Fran\u00e7ais \u00a0\u00a0\u00a0\u00a0\u00a0\u00a0\u00a0\u00a0\u00a0\u00a0 \u00a0 \u00a0 \u00a0\u00a0\u00a0\u00a0 \ud83c\udde6\ud83c\uddeb \u062f\u0631\u06cc \ud83c\uddee\ud83c\uddf9 Italiano \u00a0\u00a0 \u00a0 \u00a0 &hellip; <a href=\"https:\/\/soliasylwue.noblogs.org\/es\/contacto\/\">Sigue leyendo <span class=\"meta-nav\">&rarr;<\/span><\/a><\/p>\n","protected":false},"author":18365,"featured_media":0,"parent":0,"menu_order":0,"comment_status":"closed","ping_status":"closed","template":"","meta":{"_locale":"es_ES","_original_post":"https:\/\/soliasylwue.noblogs.org\/?page_id=23","footnotes":""},"class_list":["post-1184","page","type-page","status-publish","hentry","es-ES"],"_links":{"self":[{"href":"https:\/\/soliasylwue.noblogs.org\/wp-json\/wp\/v2\/pages\/1184","targetHints":{"allow":["GET"]}}],"collection":[{"href":"https:\/\/soliasylwue.noblogs.org\/wp-json\/wp\/v2\/pages"}],"about":[{"href":"https:\/\/soliasylwue.noblogs.org\/wp-json\/wp\/v2\/types\/page"}],"author":[{"embeddable":true,"href":"https:\/\/soliasylwue.noblogs.org\/wp-json\/wp\/v2\/users\/18365"}],"replies":[{"embeddable":true,"href":"https:\/\/soliasylwue.noblogs.org\/wp-json\/wp\/v2\/comments?post=1184"}],"version-history":[{"count":15,"href":"https:\/\/soliasylwue.noblogs.org\/wp-json\/wp\/v2\/pages\/1184\/revisions"}],"predecessor-version":[{"id":1433,"href":"https:\/\/soliasylwue.noblogs.org\/wp-json\/wp\/v2\/pages\/1184\/revisions\/1433"}],"wp:attachment":[{"href":"https:\/\/soliasylwue.noblogs.org\/wp-json\/wp\/v2\/media?parent=1184"}],"curies":[{"name":"wp","href":"https:\/\/api.w.org\/{rel}","templated":true}]}}