{"id":996,"date":"2024-01-02T20:38:51","date_gmt":"2024-01-02T19:38:51","guid":{"rendered":"https:\/\/soliasylwue.noblogs.org\/?page_id=996"},"modified":"2024-01-02T21:27:48","modified_gmt":"2024-01-02T20:27:48","slug":"links","status":"publish","type":"page","link":"https:\/\/soliasylwue.noblogs.org\/en-US\/links\/","title":{"rendered":"Links and Contacts"},"content":{"rendered":"<h1>\ud83c\udde9\ud83c\uddea <a href=\"https:\/\/soliasylwue.noblogs.org\/en-US\/links\"><strong>Deutsch<\/strong><\/a><\/h1>\n<h1 class=\"entry-title\"><strong>W\u00fcrzburg and Bavaria<br \/>\n<\/strong><\/h1>\n<p><strong><a href=\"https:\/\/aktionbuergerinnenasyl.de\/\">Aktion B\u00fcrger*innenasyl<\/a><\/strong><br \/>\nThe official website of Aktion B\u00fcrger*innenasyl, a campaign for the promotion of the so-called \u00bbcitizen asylum\u00ab and Soli-Asyl, provides detailed information about the concept, the practice, and contact opportunities to local initiatives.<\/p>\n<p><a href=\"https:\/\/amnesty-wuerzburg.de\"><strong>Amnesty International W\u00fcrzburg<\/strong><\/a><br \/>\nThe action group Amnesty International W\u00fcrzburg advocates for the respect of human rights as well as the rights and interests of minorities. The group organizes events, campaigns, and offers free counseling for refugees in the area of W\u00fcrzburg. For refugees with an urgent need for advice, there is an emergency number: +49 (0) 175 125 32 24. Alternatively, you can book a counseling appointment at:<a class=\"urllink\" href=\"mailto:asylberatung@amnesty-wuerzburg.de\"> asylberatung@amnesty-wuerzburg.de<\/a>.<\/p>\n<p><strong><a href=\"https:\/\/www.wuerzburg.de\/rathaus\/internationale-angelegenheiten\/auslaender--und-integrationsbeirat\/index.html\">Ausl\u00e4nder- und Integrationsbeirat W\u00fcrzburg<\/a><\/strong><br \/>\nThe Ausl\u00e4nder- und Integrationsbeirat W\u00fcrzburg [Council for Foreigners and Integration W\u00fcrzburg] fights at municipal level for the rights, concerns, and participation of migrants living in W\u00fcrzburg. Its members support the free development of different cultural communities and strive to counteract discrimination and racism.<\/p>\n<p><strong><a href=\"https:\/\/www.fluechtlingsrat-bayern.de\">Bavarian Refugee Council e.V.<\/a><\/strong><br \/>\nAs an independent human rights organization, the Bavarian Refugee Council \u2013 as all <a href=\"https:\/\/www.fluechtlingsrat.de\/\">regional refugee councils<\/a> \u2013 ctively advocates for the rights and interests of refugees. In addition, the association provides helpful information materials and resources on a wide range of <a href=\"https:\/\/www.fluechtlingsrat-bayern.de\/themen\/\">issues<\/a> affecting refugees. If you have specific questions or concerns, you can reach the Bavarian Refugee Council from Monday to Friday during their <a href=\"https:\/\/www.fluechtlingsrat-bayern.de\/ueber-uns\/kontakt\/\">phone consultation hours<\/a>.<\/p>\n<p><a href=\"https:\/\/www.instagram.com\/bipoc.community.wue\/?hl=de\"><strong>BI_PoC Safe Space W\u00fcrzburg<\/strong><\/a><br \/>\nThe BI_PoC Safe Space W\u00fcrzburg is open to all people who identify as Black, Indigenous, or Person of Color. The bi-weekly meetings focus on mutual exchange, networking, empowerment, and the organization of joint activities and events.<\/p>\n<p><strong><a href=\"https:\/\/www.caritas-wuerzburg.de\/hilfe-beratung\/migrationasyl\/beratung-in-wuerzburg\/\">Caritasverband W\u00fcrzburg e.V. \u2013 Refugee and Integration Counseling<\/a><br \/>\n<\/strong>The Caritas refugee and integration counseling offices in the city and district of W\u00fcrzburg advise refugees free of charge on everyday matters and provide information on language courses. The support also includes counseling on issues concerning social, asylum, and residence law.<\/p>\n<p><a href=\"https:\/\/noborderassembly.blackblogs.org\/deportation-alarm\/\"><strong>Deportation Alarm (No Border Assembly)<\/strong><\/a><br \/>\nThe \u00bbDeportation Alarm\u00ab of No Border Assembly provides information about upcoming deportations from Bavaria and Germany. There is a <a href=\"https:\/\/t.me\/joinchat\/AAAAAE4UqMgIMvEk5hUThg\">Telegram<\/a> channel, a<a href=\"https:\/\/twitter.com\/Deport_Alarm\">Twitter<\/a> account and a <a href=\"https:\/\/www.facebook.com\/profile.php?id=100064493723844\">Facebook<\/a> page which you can follow to stay up to date. <strong>ATTENTION!<\/strong> Not all deportation dates are known and will be published through the \u00bbDeportation Alarm\u00ab.<\/p>\n<p><a href=\"https:\/\/unterfranken.paritaet-bayern.de\/hilfe-und-angebote\/migrationsberatung-projekte\"><strong>Der Parit\u00e4tische of Lower Franconia e.V.\u00a0 \u2013 Immigration Counseling<\/strong><\/a><br \/>\nThe free counseling services offered by Der Parit\u00e4tische in Lower Franconia cover almost all areas of life. The youth immigration service supports and advises young migrants between the ages of 12 and 27. The general imigration counseling is primarily available to adults with a migration background aged 27 and over.<\/p>\n<p><strong><a href=\"https:\/\/diakonie-wuerzburg.de\/soziale-hilfen-beratung\/flucht-asyl-migration\/fluechtlings-und-integrationsberatung.html\">Diakonisches Werk W\u00fcrzburg e.V. \u2013 Refugee and Integration Counseling<\/a><\/strong><br \/>\nThe Diakonisches Werk W\u00fcrzburg&#8217;s free refugee and integration counseling service supports refugees in matters relating to asylum and residence law as well as with questions about integration measures and social benefits.<\/p>\n<p><strong><a href=\"https:\/\/www.brk.de\/angebote\/migration-und-integration\/initiative-fuer-traumatisierte-fluechtlinge.html\">Initiative for Traumatized Refugees (Bavarian Red Cross)<\/a><\/strong><br \/>\nWith the \u00bbInitiative for Traumatized Refugees\u00ab, the Bavarian Red Cross aims to improve the situation of traumatized refugees in W\u00fcrzburg through various measures. The initiative is aimed at people who have experienced displacement as well as their relatives, regardless of their origin, age, or residence status.<\/p>\n<p><strong><a href=\"http:\/\/karawane-muenchen.org\/\">Karawane M\u00fcnchen<\/a><\/strong><br \/>\nKarawane M\u00fcnchen is an open, anti-racist group in which people fight together for equal rights and a life in dignity for all, regardless of their origin and residence status. It deals with and provides information on the topics of police violence against refugees, deportations, AnkER centers, and the Bavarian camp system as well as racism within European asylum policy.<\/p>\n<p><a href=\"https:\/\/drive.google.com\/file\/d\/1q4-TPVwH0elDEgB57YI4V37dNUJ9pcJQ\/view\"><strong>Language School of Sant&#8217;Egidio e.V.<\/strong><\/a><br \/>\nThe community Sant&#8217;Egidio offers free German courses twice a week at its language school in W\u00fcrzburg. The courses are open to everyone, including those without an official certificate. There are language courses for beginners and advanced learners as well as for illiterate people.<\/p>\n<p><a href=\"https:\/\/www.malteser-unterfranken.de\/angebote-und-leistungen\/integration-und-migration\/integrationsdienst.html\"><strong>Malteser Hilfsdienst e.V. \u2013 Integration Service<\/strong><\/a><br \/>\nThe Malteser integration service in Lower Franconia offers 1:1 support as well as group services such as low-threshold educational offers, meeting caf\u00e9s, parental work, support in understanding and filling out forms, and empowerment for women*.<\/p>\n<p><a href=\"https:\/\/www.medinetz-wuerzburg.de\/\"><strong>MediNetz W\u00fcrzburg e.V.<\/strong><\/a><br \/>\nMediNetz W\u00fcrzburg aims to improve the situation of refugees in W\u00fcrzburg who have no or only limited access to the German health care system. During consultation hours, they arrange medical assistance and access to appropriate treatment. You can contact MediNetz either by phone (+49 (0) 160 916 610 78) or via email (<a href=\"mailto:orga@medinetz-wuerzburg.de\">orga@medinetz-wuerzburg.de<\/a>).<\/p>\n<p><a href=\"https:\/\/www.rlc-wue.de\/\"><strong>Refugee Law Clinic W\u00fcrzburg e.V.<\/strong><\/a><br \/>\nThe Refugee Law Clinic W\u00fcrzburg is an initiative of students of the Faculty of Law of the University of W\u00fcrzburg with the aim of creating a free legal and integration counseling service for refugees in the area of W\u00fcrzburg. <strong>ATTENTION!<\/strong> The emergency number listed on the website is currently not active.<\/p>\n<p><strong><a href=\"https:\/\/www.instagram.com\/seebrueckewue\/?hl=de\">Seebr\u00fccke W\u00fcrzburg<\/a><\/strong><br \/>\nThe local group Seebr\u00fccke W\u00fcrzburg advocates for a migration policy based on solidarity and human rights as well as against racist isolationism. The activists organize demonstrations and other public events on the topics of flight and migration.<\/p>\n<p><a href=\"https:\/\/wimu-ev.de\/\"><strong>Willkommen mit Musik (WiMu) e.V.<\/strong><\/a><br \/>\nThe association Willkommen mit Musik [Welcome with Music] wants to help children, young people and adults in the W\u00fcrzburg region who have grown up or live in difficult circumstances to feel at home here through music and be able to participate in the cultural life of the city.<\/p>\n<p><a href=\"https:\/\/www.wuerzburger-fluechtlingsrat.de\"><strong>W\u00fcrzburg Refugee Council e.V.<\/strong><\/a><br \/>\nThe W\u00fcrzburg Refugee Council campaigns for the rights and concerns of refugees in W\u00fcrzburg and draws the attention of the general public to the situation of refugees. The association also monitors how political parties, authorities, and other institutions deal with refugees living in W\u00fcrzburg.<\/p>\n<p><strong><a href=\"https:\/\/ombudsrat-wuerzburg.de\/\">W\u00fcrzburg Ombuds Council<\/a><\/strong><br \/>\nThrough the online reporting platform<a href=\"https:\/\/wuerzburg-schauthin.de\">\u00a0\u00bbW\u00fcrzburg schaut hin!\u00ab<\/a> [W\u00fcrzburg is watchng], the W\u00fcrzburg Ombuds Council provides an independent anti-discrimination office that documents cases of discrimination and tries to find solutions for those affected by offering advice and support.<\/p>\n<p><strong><a href=\"https:\/\/wuekulturs.de\/\">W\u00fcrzburg KUlturS e.V.<\/a><br \/>\n<\/strong>W\u00fcrzburg KUlturS stands for art, culture, and social issues. The association uses socio-cultural work to combat racism, promote greater diversity, and equality. Its members are strongly opposed to all forms of discrimination and exclusion.<\/p>\n<p><strong><a href=\"https:\/\/wuerzburgsolidarisch.noblogs.org\/\">W\u00fcrzburg Solidarisch e.V.<\/a><\/strong><br \/>\nW\u00fcrzburg Solidarisch is a politically and denominationally independent association of solidarity initiatives, organizations, and individuals in the ara of W\u00fcrzburg. The focus of the association lies on the visibilizaton of and the fight against the conditions of inequality and discrimination that especially migrantized people are exposed to.<\/p>\n<hr \/>\n<h1 class=\"entry-title\"><strong>Germany<br \/>\n<\/strong><\/h1>\n<p><strong><a href=\"https:\/\/www.aktionbleiberecht.de\">Aktion Bleiberecht<\/a><\/strong><br \/>\nThe initiative \u00bbAktion Bleiberecht\u00ab [Initiative for the Right to Stay] draws attention to issues concerning refugees. The activists campaign against deportations and for a right to stay for all at local, regional, and national level.<\/p>\n<p><strong><a href=\"https:\/\/alle-bleiben.info\">alle bleiben!<\/a><\/strong><br \/>\nThe nationwide campaign \u00bballe bleiben!\u00ab [all stay] supports the fight of Roma for their right to stay in Germany, organizes informational events, and occasional protest actions.<\/p>\n<p><strong><a href=\"https:\/\/oplatz.net\/\">Berlin Refugee Movement \u00bbOPlatz\u00ab<\/a><\/strong><br \/>\nA self-organized group of refugees occupied Oranienplatz in Berlin in 2014. Even after the protest camp was evicted, they continued their fight for their rights. Among other things, they published the information comic <a href=\"https:\/\/oplatz.net\/stop-deportation\/#page\/4\">\u00bbStop Deportation\u00ab<\/a> in ten different languages.<\/p>\n<p><strong><a href=\"https:\/\/bleiberecht-statt-chancenfalle.net\">BLEIBERECHT F\u00dcR ALLE \u2013 statt Chancenfalle!<\/a><\/strong><br \/>\nThe campaign \u00bbBLEIBERECHT F\u00dcR ALLE \u2013 statt Chancenfalle!\u00ab [Right to Stay for All \u2013 Instead of Opportunity Trap] povides information about and criticizes the contents of the current federal government&#8217;s first migration policy package.The possibilities and numerous reasons for exclusion are explained in various languages through the so-called \u00bbChancen-Aufenthaltsrecht\u00ab [Opportunity for Residence Law].<\/p>\n<p><strong><a href=\"https:\/\/communityforall.noblogs.org\/\">Community for all \u2013 Solidarity Communities Instead of Deportation Prisons<\/a><\/strong><br \/>\nThe alliance Community for all was founded in 2017 to counter the racist deportation policy of the regional government of Hessen. The alliance consders itself as an association of people and organizations with the common goal of creating a society for all.<\/p>\n<p><a href=\"http:\/\/cultureofdeportation.org\/\"><strong>Culture of Deportation<\/strong><\/a><br \/>\nThe project \u00bbCulture of Deportation\u00ab documents the German and European tradition of criminalizing and illegalizing freedom of movement. The findings and analyses shed light on the various forms of state violence against refugees in the EU border regime.<\/p>\n<p><a href=\"https:\/\/refugees4refugees.wordpress.com\/2023\/03\/22\/r4r-sammelt-spenden-fur-den-unterhalt-der-schutzwohnung-in-nigeria\/\"><strong>Deportees Emergency Reception and Support (Refugees4Refugees e.V.)<\/strong><\/a><br \/>\nThe project \u00bbDeportees Emergency Reception and Support\u00ab by the association Refugees4Refugees supports people before and after their deportation to Nigeria. In a shelter in Lagos, people can find a safe place to stay immediately after their deportation. They are provided with food and can receive medical care. Moreover, deportation experiences are documented and remaining legal options are examined. To maintain the project and the shelter, donations are always urgently needed!<\/p>\n<p><a href=\"https:\/\/www.asyl.net\/start\"><strong>Informationsverbund Asyl und Migration e.V.<\/strong><\/a><br \/>\nDer Informationsverbund Asyl und Migration [Information Network on Asylum and Migration] provides comprehensive information on all asylum, residence, and social law issues concerning refugees. There is also an <a href=\"https:\/\/adressen.asyl.net\/\">online database<\/a> that allows you to search for counseling offices nationwide within the fields of asylum and migration.<\/p>\n<p><a href=\"https:\/\/mediendienst-integration.de\/migration\/flucht-asyl\/abschiebungen.html\"><strong>Mediendienst Migration (Rat f\u00fcr Migration e.V.)<\/strong><\/a><br \/>\nThe \u00bbMediendienst Migration\u00ab [Migration Media Service] by Rat f\u00fcr Migration [Council for Migration] provides information on current figures, facts, and background reports on migration, integration, asylum, and deportations in Germany.<\/p>\n<p><a href=\"https:\/\/migrant-support.com\/\"><strong>Migrant Support Network e.V.<\/strong><\/a><br \/>\nThe Migrant Support Network is a migrant self-organization with the aim of promoting the self-empowerment of migrants. Based on the principle of helping people to help themselves, support is organized at a low-threshold and culturally sensitive level and independently of state institutions.<\/p>\n<div class=\"et_pb_module et_pb_text et_pb_text_2 highlightme et_pb_text_align_left et_pb_bg_layout_light\">\n<div class=\"et_pb_text_inner\">\n<p><strong><a href=\"https:\/\/bleiberechtstattabschiebung.de\">Netzwerk Bleiberecht \u00adstatt Abschiebung<\/a><\/strong><br \/>\nThe website of Netzwerk Bleiberecht statt Abschiebung [Network for the Right to Stay Instead of Deportation] brings together all available multilingual information on options for the right to stay. The contents are constantly updated. They are aimed at people who are threatened with deportation as well as their supporters.<\/p>\n<\/div>\n<\/div>\n<p><strong><a href=\"https:\/\/noborderassembly.blackblogs.org\">No Border Assembly <\/a><\/strong><br \/>\nThe No Border Assembly informs \u2013 if known \u2013 about <a href=\"https:\/\/noborderassembly.blackblogs.org\/de\/abschiebe-alarm\/\">upcoming deportations<\/a> from Germny, organzes <a href=\"https:\/\/noborderassembly.blackblogs.org\/de\/widerstand-gegen-abschiebungen\/\">resistance<\/a> and civil disobedience. The alliance also offers information material and workshops on the subject of deportations.<\/p>\n<p><a href=\"https:\/\/www.kirchenasyl.de\"><strong>\u00d6kumenische Bundesarbeitsgemeinschaft Asyl in der Kirche e.V.<\/strong><\/a><br \/>\nThe \u00d6kumenische Bundesarbeitsgemeinschaft Asyl in der Kirche [Ecumenical Federal Working Group on Church Asylum] brings together the regional networks of Protestant, Catholic, and free-church communities hroughout Germany which are willing to grant church asylum.<\/p>\n<p><strong><a href=\"https:\/\/www.amerainternational.org\/post-deportation-monitoring\/\">Post Deportation Monitoring Network<\/a><\/strong><br \/>\nThe Post Deportation Monitoring Network aims to support people after their deportation, to document and report human rights violations during deportation, and to to encourage governments of host countires to change their asylum policies.<\/p>\n<p><strong><a href=\"https:\/\/www.proasyl.de\/\">PRO ASYL e.V.<\/a><br \/>\n<\/strong>PRO ASYL is an independent human rights organization that advocates for the protection and rights of refugees in Germany and Europe. The association also supports refugees during and after the asylum procedure by providing free individual counseling. With the help of the <a href=\"https:\/\/www.fluechtlingsrat.de\/\">regional refugee councils<\/a>, it is also possible to apply for financial support from a legal aid fund. PRO ASYL also has a <a href=\"https:\/\/www.proasyl.de\/beratungsstellen-vor-ort\/\">collection of counseling offices<\/a> in all regions of Germany.<\/p>\n<p><strong><a href=\"https:\/\/refugees4refugees.wordpress.com\">Refugees4Refugees e.V.<\/a><\/strong><br \/>\nThe association Refugees4Refugees offers people to accompany them on visits to the authorities, advises refugees on their asylum applications or on appeals against official decisions. In cooperation with various networks, the association also researches the political situation in the countries of origin of many refugees in order to draw attention to and document the consequences of deportations.<\/p>\n<p><a href=\"https:\/\/www.roma-center.de\"><strong>Roma Center e.V.<\/strong><\/a><br \/>\nThe Roma Center is a migrant self-organization that campaigns for the social participation of Roma. Anti-discrimination, political education, empowerment, advice, active participation, and the expansion of opportunities and skills for Roma are the association&#8217;s main areas of activity.<\/p>\n<p><a href=\"https:\/\/sonichtbestellt.org\/\"><strong>\u00bbSo Nicht Bestellt\u00ab \u2013 <\/strong><\/a><strong><a href=\"https:\/\/sonichtbestellt.org\/\">The Critical Podcast on Deportation<\/a><\/strong><br \/>\nThe podcast \u00bbSo Nicht Bestellt\u00ab [Not Ordered Like This] takes a critical look at asylum policy developments in recent years and raises awareness of the realities and consequences of German deportation and isolation policies.<\/p>\n<p><strong><a href=\"https:\/\/communityforall.noblogs.org\/pia\/about-us\/\">Support PiA \u2013 Support for People in Deportation Detention<\/a><\/strong><br \/>\nIn solidarity with the victims of the racist deportation policy of the regional government of Hessen, Support PiA aims to support people in deportation detention with legal and personal issues and break the isolation of people in prison from the outside world.<\/p>\n<p><a href=\"http:\/\/thecaravan.org\/\"><strong>The Caravan for the Rights of Refugees and Migrants<\/strong><\/a><br \/>\nThe Caravan for the Rights of Refugees and Migrants is a network of individuals, groups, and organizations, consisting of refugees and locals, with the commitment to fight for socio-political justice, equality, and the protection of basic human rights for all.<\/p>\n<p><strong><a href=\"http:\/\/thevoiceforum.org\/\">The VOICE Refugee Forum Germany<\/a><\/strong><br \/>\nThe VOICE Refugee Forum is an independent network of activists with refugee background. Founded in 1994 in a former camp in M\u00fchlhausen, Thuringia, The VOICE today supports and promotes the empowerment and self-organization of refugees throughout Germany.<\/p>\n<p><strong><a href=\"https:\/\/w2eu.info\/en\/countries\/germany\">Welcome to Europe (W2EU)<\/a><\/strong><br \/>\nWelcome to Europe collects information that may be useful to refugees on their journey to and through Europe. The aim of the initiative is to make it easier for refugees to access advice and contacts in various European countries.<\/p>\n<p><strong><a href=\"https:\/\/www.welcome-united.org\">We&#8217;ll Come United<\/a><\/strong><br \/>\nWe&#8217;ll Come United is an open alliance and an initiative of people from different social, anti-racist, and political networks that aims to create space for the voices and stories of those who are not heard or not listened to.<\/p>\n<p><strong><a href=\"https:\/\/www.women-in-exile.net\">Women in Exile &amp; Friends e.V.<\/a><\/strong><br \/>\nWomen in Exile &amp; Friends is an initiative of refugee women who came together in Brandenburg in 2002 to fight for their rights. Since then, they have been working together to raise public awareness about refugee policy demands from a feminist perspective. They also organize workshops and public campaigns.<\/p>\n","protected":false},"excerpt":{"rendered":"<p>\ud83c\udde9\ud83c\uddea Deutsch W\u00fcrzburg and Bavaria Aktion B\u00fcrger*innenasyl The official website of Aktion B\u00fcrger*innenasyl, a campaign for the promotion of the so-called \u00bbcitizen asylum\u00ab and Soli-Asyl, provides detailed information about the concept, the practice, and contact opportunities to local initiatives. Amnesty &hellip; <a href=\"https:\/\/soliasylwue.noblogs.org\/en-US\/links\/\">Continue reading <span class=\"meta-nav\">&rarr;<\/span><\/a><\/p>\n","protected":false},"author":18365,"featured_media":0,"parent":0,"menu_order":0,"comment_status":"closed","ping_status":"closed","template":"","meta":{"_locale":"en_US","_original_post":"https:\/\/soliasylwue.noblogs.org\/?page_id=131","footnotes":""},"class_list":["post-996","page","type-page","status-publish","hentry","en-US"],"_links":{"self":[{"href":"https:\/\/soliasylwue.noblogs.org\/wp-json\/wp\/v2\/pages\/996","targetHints":{"allow":["GET"]}}],"collection":[{"href":"https:\/\/soliasylwue.noblogs.org\/wp-json\/wp\/v2\/pages"}],"about":[{"href":"https:\/\/soliasylwue.noblogs.org\/wp-json\/wp\/v2\/types\/page"}],"author":[{"embeddable":true,"href":"https:\/\/soliasylwue.noblogs.org\/wp-json\/wp\/v2\/users\/18365"}],"replies":[{"embeddable":true,"href":"https:\/\/soliasylwue.noblogs.org\/wp-json\/wp\/v2\/comments?post=996"}],"version-history":[{"count":5,"href":"https:\/\/soliasylwue.noblogs.org\/wp-json\/wp\/v2\/pages\/996\/revisions"}],"predecessor-version":[{"id":1003,"href":"https:\/\/soliasylwue.noblogs.org\/wp-json\/wp\/v2\/pages\/996\/revisions\/1003"}],"wp:attachment":[{"href":"https:\/\/soliasylwue.noblogs.org\/wp-json\/wp\/v2\/media?parent=996"}],"curies":[{"name":"wp","href":"https:\/\/api.w.org\/{rel}","templated":true}]}}