{"id":979,"date":"2024-01-02T00:36:18","date_gmt":"2024-01-01T23:36:18","guid":{"rendered":"https:\/\/soliasylwue.noblogs.org\/?page_id=979"},"modified":"2024-01-02T18:40:41","modified_gmt":"2024-01-02T17:40:41","slug":"info-material","status":"publish","type":"page","link":"https:\/\/soliasylwue.noblogs.org\/en-US\/info-material\/","title":{"rendered":"Info Material"},"content":{"rendered":"<p>\ud83c\udde9\ud83c\uddea <a href=\"https:\/\/soliasylwue.noblogs.org\/infomaterial\/\"><strong>Deutsch<\/strong><\/a><\/p>\n<p>Here you will find a list of helpful information material on the topic of deportations, practical tips on how to resist deportations, as well as other resources on the situation and support of illegalized people in Germany. In case you already know or have read some of these publications, please don&#8217;t forget to share them and pass them on.<\/p>\n<hr \/>\n<p><strong><a href=\"https:\/\/soliasylwue.noblogs.org\/files\/2024\/01\/Soli-Asyl-A-Practical-Guide-to-Acts-of-Solidarity.pdf\">\u00bbSoli-Asyl \u2013 A Guide to Acts of Solidarity\u00ab<\/a><\/strong> <strong>(Network Soli-Asyl W\u00fcrzburg)<br \/>\n<\/strong>Our own brochure \u00bbSoli-Asyl \u2013 A Guide to Acts of Solidarity<span class=\"jnentitel\">\u00ab<\/span> provides you with a first insight into the concept and practice of Soli-Asyl. It also serves as a practical step-by-step guide for those who might be interested in offering a place of refuge. Apart from the provision of housing, it shows you many other ways in which you can show solidarity with refugees in W\u00fcrzburg and beyond.<\/p>\n<p><a href=\"https:\/\/soliasylwue.noblogs.org\/files\/2024\/01\/Soli-Asyl-Ein-Leitfaden-fuer-die-solidarische-Praxis.pdf\">Brosch\u00fcre: \u00bbSoli-Asyl \u2013 Ein Leitfaden f\u00fcr die solidarische Praxis\u00ab (DE)<\/a><br \/>\n<a href=\"https:\/\/soliasylwue.noblogs.org\/files\/2024\/01\/Soli-Asyl-A-Practical-Guide-to-Acts-of-Solidarity.pdf\">Brochure: \u00bbSoli-Asyl \u2013 A Guide to Acts of Solidarity\u00ab (EN)<\/a><\/p>\n<hr \/>\n<p><a href=\"https:\/\/oplatz.net\/stop-deportation\/\"><strong>\u00bbStop Deportation \u2013 or: Ways to Prevent a Deportation\u00ab<\/strong><\/a> <strong>(Berlin Refugee Movement \u00bbOPlatz\u00ab)<br \/>\n<\/strong>The information comic \u00bbStop Deportation \u2013 or: Ways to Prevent a Deportation\u00ab contains useful and important information for people who are threatened with deportation, but also for those who stand in solidarity with them.<\/p>\n<p><a href=\"https:\/\/oplatz.net\/wp-content\/uploads\/2016\/07\/GeflInfCmc_16p_A5_DE.pdf\" data-cke-saved-href=\"https:\/\/oplatz.net\/wp-content\/uploads\/2016\/07\/GeflInfCmc_16p_A5_DE.pdf\">Comic: \u00bbStop Deportation \u2013 oder: Wege, eine Abschiebung zu verhindern\u00ab (DE)<\/a><a href=\"https:\/\/oplatz.net\/wp-content\/uploads\/2016\/07\/stop_dep_tr2.pdf\" data-cke-saved-href=\"https:\/\/oplatz.net\/wp-content\/uploads\/2016\/07\/stop_dep_tr2.pdf\"><br \/>\n<\/a><a href=\"https:\/\/oplatz.net\/wp-content\/uploads\/2016\/07\/GeflInfCmc_16p_A5_EN.pdf\" data-cke-saved-href=\"https:\/\/oplatz.net\/wp-content\/uploads\/2016\/07\/GeflInfCmc_16p_A5_EN.pdf\">Comic: \u00bbStop Deportation \u2013 or: Ways to Prevent a Deportation\u00ab (EN)<\/a><a href=\"https:\/\/oplatz.net\/wp-content\/uploads\/2016\/07\/stop_dep_tr2.pdf\" data-cke-saved-href=\"https:\/\/oplatz.net\/wp-content\/uploads\/2016\/07\/stop_dep_tr2.pdf\"><br \/>\n<\/a><a href=\"https:\/\/oplatz.net\/wp-content\/uploads\/2016\/07\/GeflInfCmc_16p_A5_FR_060616.pdf\" data-cke-saved-href=\"https:\/\/oplatz.net\/wp-content\/uploads\/2016\/07\/GeflInfCmc_16p_A5_FR_060616.pdf\">Comic : \u00bbStop \u00e0 la d\u00e9portation \u2013 ou : Les moyens d&#8217;emp\u00eacher une d\u00e9portation\u00ab (FR)<br \/>\n<\/a><a href=\"https:\/\/oplatz.net\/wp-content\/uploads\/2016\/07\/GeflInfCmc_16p_A5_SP_230516.pdf\" data-cke-saved-href=\"https:\/\/oplatz.net\/wp-content\/uploads\/2016\/07\/GeflInfCmc_16p_A5_SP_230516.pdf\">C\u00f3mic: \u00bbDetener la deportaci\u00f3n \u2013 o: Formas de prevenir una deportaci\u00f3n\u00ab (ES)<\/a>\u00a0<a href=\"https:\/\/oplatz.net\/wp-content\/uploads\/2016\/07\/stop_dep_tr2.pdf\" data-cke-saved-href=\"https:\/\/oplatz.net\/wp-content\/uploads\/2016\/07\/stop_dep_tr2.pdf\"><br \/>\n<\/a><a href=\"https:\/\/oplatz.net\/wp-content\/uploads\/2016\/08\/GeflInfCmc_16p_A5_ITAL.pdf\" data-cke-saved-href=\"https:\/\/oplatz.net\/wp-content\/uploads\/2016\/08\/GeflInfCmc_16p_A5_ITAL.pdf\">Fumetto: \u00bbFerma la deportazione \u2013 o: Modi per prevenire una deportazione\u00ab (IT)<\/a><a href=\"https:\/\/oplatz.net\/wp-content\/uploads\/2016\/07\/stop_dep_tr2.pdf\" data-cke-saved-href=\"https:\/\/oplatz.net\/wp-content\/uploads\/2016\/07\/stop_dep_tr2.pdf\"><br \/>\n<\/a><a href=\"https:\/\/oplatz.net\/wp-content\/uploads\/2016\/07\/GeflInfCmc_16p_A5_SC.pdf\" data-cke-saved-href=\"https:\/\/oplatz.net\/wp-content\/uploads\/2016\/07\/GeflInfCmc_16p_A5_SC.pdf\">\u0421\u0442\u0440\u0438\u043f: \u00bb\u0421\u0442\u043e\u043f \u0434\u0435\u043f\u043e\u0440\u0442\u0430\u0446\u0438\u0458\u0438 \u2013 \u0438\u043b\u0438: \u041d\u0430\u0447\u0438\u043d\u0438 \u0434\u0430 \u0441\u0435 \u0441\u043f\u0440\u0435\u0447\u0438 \u0434\u0435\u043f\u043e\u0440\u0442\u0430\u0446\u0438\u0458\u0430\u00ab (SR)<\/a><a href=\"https:\/\/oplatz.net\/wp-content\/uploads\/2016\/07\/stop_dep_tr2.pdf\" data-cke-saved-href=\"https:\/\/oplatz.net\/wp-content\/uploads\/2016\/07\/stop_dep_tr2.pdf\"><br \/>\n<\/a><a href=\"https:\/\/oplatz.net\/wp-content\/uploads\/2017\/03\/ru_stop_dep.pdf\" data-cke-saved-href=\"https:\/\/oplatz.net\/wp-content\/uploads\/2017\/03\/ru_stop_dep.pdf\">\u041a\u043e\u043c\u0438\u043a\u0441: \u00ab\u041e\u0441\u0442\u0430\u043d\u043e\u0432\u0438\u0442\u044c \u0434\u0435\u043f\u043e\u0440\u0442\u0430\u0446\u0438\u044e \u2013 \u0438\u043b\u0438 \u041a\u0430\u043a \u043f\u0440\u0435\u0434\u043e\u0442\u0432\u0440\u0430\u0442\u0438\u0442\u044c \u0434\u0435\u043f\u043e\u0440\u0442\u0430\u0446\u0438\u044e\u00bb (RU)<br \/>\n<\/a><a href=\"https:\/\/oplatz.net\/wp-content\/uploads\/2016\/07\/stop_dep_tr2.pdf\" data-cke-saved-href=\"https:\/\/oplatz.net\/wp-content\/uploads\/2016\/07\/stop_dep_tr2.pdf\">\u00c7izgi Roman: \u00bbS\u00fcrg\u00fcn Etmeyi Durdurun \u2013 veya: S\u00fcrg\u00fcn\u00fc \u00d6nlemenin Yollar\u0131\u00ab (RM)<\/a><a href=\"https:\/\/oplatz.net\/wp-content\/uploads\/2016\/07\/GeflInfCmc_16p_A5_RO_biemb.pdf\" data-cke-saved-href=\"https:\/\/oplatz.net\/wp-content\/uploads\/2016\/07\/GeflInfCmc_16p_A5_RO_biemb.pdf\"><br \/>\n<\/a><a href=\"https:\/\/oplatz.net\/wp-content\/uploads\/2016\/07\/stop_dep_ar.pdf\" data-cke-saved-href=\"https:\/\/oplatz.net\/wp-content\/uploads\/2016\/07\/stop_dep_ar.pdf\">(AR) \u0643\u0648\u0645\u064a\u062f\u064a: \u0648\u0642\u0641 \u0627\u0644\u062a\u0631\u062d\u064a\u0644 \u2013 \u0623\u0648: \u0637\u0631\u0642 \u0645\u0646\u0639 \u0627\u0644\u062a\u0631\u062d\u064a\u0644<\/a><a href=\"https:\/\/oplatz.net\/wp-content\/uploads\/2016\/07\/GeflInfCmc_16p_A5_EN.pdf\" data-cke-saved-href=\"https:\/\/oplatz.net\/wp-content\/uploads\/2016\/07\/GeflInfCmc_16p_A5_EN.pdf\"><br \/>\n<\/a><a href=\"https:\/\/oplatz.net\/wp-content\/uploads\/2016\/07\/stop_dep_fa.pdf\" data-cke-saved-href=\"https:\/\/oplatz.net\/wp-content\/uploads\/2016\/07\/stop_dep_fa.pdf\">(FA) \u06a9\u0645\u06cc\u06a9: \u062a\u0648\u0642\u0641 \u0627\u062e\u0631\u0627\u062c \u2013 \u06cc\u0627: \u0631\u0627\u0647 \u0647\u0627\u06cc\u06cc \u0628\u0631\u0627\u06cc \u062c\u0644\u0648\u06af\u06cc\u0631\u06cc \u0627\u0632 \u0627\u062e\u0631\u0627\u062c<\/a><\/p>\n<hr \/>\n<p><strong><a href=\"https:\/\/noborderassembly.blackblogs.org\/de\/widerstand-gegen-abschiebungen\/\">\u00bbResistance Against Deportations\u00ab<\/a> (No Border Assembly)<\/strong><br \/>\nThe info flyer \u00bbResistance Against Deportations\u00ab is aimed at people who are threatened with deportation. Based on different situations, it explains how you can protect yourself from the risk of deportation, where you can get support, and how you can resist in the event of deportation.<\/p>\n<div><a href=\"https:\/\/noborderassembly.blackblogs.org\/wp-content\/uploads\/sites\/1214\/2022\/01\/final_de-Widerstand-gegen-Abschiebungen-LEAFLET.pdf\" target=\"_blank\" rel=\"noopener\" data-cke-saved-href=\"https:\/\/noborderassembly.blackblogs.org\/wp-content\/uploads\/sites\/1214\/2022\/01\/final_de-Widerstand-gegen-Abschiebungen-LEAFLET.pdf\">Brosch\u00fcre: \u00bbWiderstand gegen Abschiebungen\u00ab (DE)<\/a><\/div>\n<div><a href=\"https:\/\/noborderassembly.blackblogs.org\/wp-content\/uploads\/sites\/1214\/2022\/01\/final_eng-Resistance-against-Deportation-LEAFLET.pdf\" target=\"_blank\" rel=\"noopener\" data-cke-saved-href=\"https:\/\/noborderassembly.blackblogs.org\/wp-content\/uploads\/sites\/1214\/2022\/01\/final_eng-Resistance-against-Deportation-LEAFLET.pdf\">Booklet: \u00bbResistance Against Deportations\u00ab (EN)<\/a><strong><br \/>\n<\/strong><a href=\"https:\/\/noborderassembly.blackblogs.org\/wp-content\/uploads\/sites\/1214\/2022\/01\/final_fra-Resistance-against-Deportation-LEAFLET.pdf\" target=\"_blank\" rel=\"noopener\" data-cke-saved-href=\"https:\/\/noborderassembly.blackblogs.org\/wp-content\/uploads\/sites\/1214\/2022\/01\/final_fra-Resistance-against-Deportation-LEAFLET.pdf\">Livret : \u00bbR\u00e9sistance contre les d\u00e9portations\u00ab (FR)<\/a><\/div>\n<div><a href=\"https:\/\/noborderassembly.blackblogs.org\/wp-content\/uploads\/sites\/1214\/2022\/01\/final_serb-Resistance-against-Deportation-LEAFLET.pdf\" target=\"_blank\" rel=\"noopener\" data-cke-saved-href=\"https:\/\/noborderassembly.blackblogs.org\/wp-content\/uploads\/sites\/1214\/2022\/01\/final_serb-Resistance-against-Deportation-LEAFLET.pdf\">\u0411\u0440\u043e\u0448\u0443\u0440\u0430: \u00bb\u041e\u0442\u043f\u043e\u0440 \u0434\u0435\u043f\u043e\u0440\u0442\u0430\u0446\u0438\u0458\u0430\u043c\u0430\u00ab (SR)<br \/>\n<\/a><a href=\"https:\/\/noborderassembly.blackblogs.org\/wp-content\/uploads\/sites\/1214\/2022\/01\/final_rus-Resistance-against-Deportation-LEAFLET.pdf\" target=\"_blank\" rel=\"noopener\" data-cke-saved-href=\"https:\/\/noborderassembly.blackblogs.org\/wp-content\/uploads\/sites\/1214\/2022\/01\/final_rus-Resistance-against-Deportation-LEAFLET.pdf\">\u0411\u0443\u043a\u043b\u0435\u0442: \u00bb\u0421\u043e\u043f\u0440\u043e\u0442\u0438\u0432\u043b\u0435\u043d\u0438\u0435 \u0434\u0435\u043f\u043e\u0440\u0442\u0430\u0446\u0438\u044f\u043c\u00ab (RU)<\/a><a href=\"https:\/\/noborderassembly.blackblogs.org\/wp-content\/uploads\/sites\/1214\/2022\/01\/final_serb-Resistance-against-Deportation-LEAFLET.pdf\" target=\"_blank\" rel=\"noopener\" data-cke-saved-href=\"https:\/\/noborderassembly.blackblogs.org\/wp-content\/uploads\/sites\/1214\/2022\/01\/final_serb-Resistance-against-Deportation-LEAFLET.pdf\"><br \/>\n<\/a><a href=\"https:\/\/noborderassembly.blackblogs.org\/wp-content\/uploads\/sites\/1214\/2022\/01\/final_tigr-Resistance-against-Deportation-LEAFLET2.pdf\" target=\"_blank\" rel=\"noopener\" data-cke-saved-href=\"https:\/\/noborderassembly.blackblogs.org\/wp-content\/uploads\/sites\/1214\/2022\/01\/final_tigr-Resistance-against-Deportation-LEAFLET2.pdf\">\u1295\u12a5\u123d\u1276 \u1218\u133d\u1213\u134d\u1361 \u00bb\u1270\u1253\u12cd\u121e \u12a3\u1295\u133b\u122d \u121d\u1235\u1313\u130d\u00ab (TI)<\/a><a href=\"https:\/\/noborderassembly.blackblogs.org\/wp-content\/uploads\/sites\/1214\/2022\/01\/final_serb-Resistance-against-Deportation-LEAFLET.pdf\" target=\"_blank\" rel=\"noopener\" data-cke-saved-href=\"https:\/\/noborderassembly.blackblogs.org\/wp-content\/uploads\/sites\/1214\/2022\/01\/final_serb-Resistance-against-Deportation-LEAFLET.pdf\"><br \/>\n<\/a><a href=\"https:\/\/noborderassembly.blackblogs.org\/wp-content\/uploads\/sites\/1214\/2022\/01\/final_ar-Resistance-against-Deportation-LEAFLET.pdf\" target=\"_blank\" rel=\"noopener\" data-cke-saved-href=\"https:\/\/noborderassembly.blackblogs.org\/wp-content\/uploads\/sites\/1214\/2022\/01\/final_ar-Resistance-against-Deportation-LEAFLET.pdf\">(AR) \u0643\u062a\u064a\u0628: \u0645\u0642\u0627\u0648\u0645\u0629 \u0627\u0644\u062a\u0631\u062d\u064a\u0644<\/a><a href=\"https:\/\/noborderassembly.blackblogs.org\/wp-content\/uploads\/sites\/1214\/2022\/01\/final_far-Resistance-against-Deportation-LEAFLET.pdf\" target=\"_blank\" rel=\"noopener\" data-cke-saved-href=\"https:\/\/noborderassembly.blackblogs.org\/wp-content\/uploads\/sites\/1214\/2022\/01\/final_far-Resistance-against-Deportation-LEAFLET.pdf\"><br \/>\n<\/a><a href=\"https:\/\/noborderassembly.blackblogs.org\/wp-content\/uploads\/sites\/1214\/2022\/01\/final_far-Resistance-against-Deportation-LEAFLET.pdf\">(FA) \u062c\u0632\u0648\u0647: \u0645\u0642\u0627\u0648\u0645\u062a \u062f\u0631 \u0628\u0631\u0627\u0628\u0631 \u062a\u0628\u0639\u06cc\u062f<\/a><a href=\"https:\/\/noborderassembly.blackblogs.org\/wp-content\/uploads\/sites\/1214\/2022\/01\/final_urd-Resistance-against-Deportation-LEAFLET.pdf\" target=\"_blank\" rel=\"noopener\" data-cke-saved-href=\"https:\/\/noborderassembly.blackblogs.org\/wp-content\/uploads\/sites\/1214\/2022\/01\/final_urd-Resistance-against-Deportation-LEAFLET.pdf\"><br \/>\n(UR) \u06a9\u062a\u0627\u0628\u0686\u06c1: \u062c\u0644\u0627\u0648\u0637\u0646\u06cc\u0648\u06ba \u06a9\u06d2 \u062e\u0644\u0627\u0641 \u0645\u0632\u0627\u062d\u0645\u062a<\/a><\/div>\n<p><\/p>\n<hr \/>\n<p><strong><a href=\"http:\/\/nodeportation.antira.info\/abschiebungen-verhindern\/flyer\/\">\u00bbInfo sheet: Prevent Deportation\u00ab<\/a> (nodeportation.antira.info)<br \/>\n<\/strong>The info sheet \u00bbPrevent Deportation\u00ab provides information for people who want to avert their own deportation shortly before departure. This information applies above all to deportations that take place on normal passenger planes. In order to be prepared for the \u00bbworst case scenario\u00ab, people at risk of deportation should familiarize themselves in advance with possible options for action.<\/p>\n<p><a href=\"http:\/\/nodeportation.antira.info\/files\/2017\/09\/vga_flyer_de.pdf\">Infoblatt: Abschiebung verhindern (DE)<\/a><br \/>\n<a href=\"http:\/\/nodeportation.antira.info\/files\/2017\/09\/vga_flyer_eng.pdf\">Info sheet: Prevent Deportation (EN)<\/a><br \/>\n<a href=\"http:\/\/nodeportation.antira.info\/files\/2017\/11\/vga_flyer_francais.pdf\">Fiche d\u2019information: \u00e9viter la d\u00e9portation (FR)<\/a><br \/>\n<a href=\"http:\/\/nodeportation.antira.info\/files\/2017\/11\/vga_flyer_espanol.pdf\">Ficha informativa: evitar la deportaci\u00f3n (ES)<\/a><br \/>\n<a href=\"http:\/\/nodeportation.antira.info\/files\/2017\/11\/vga_flyer_srpski.pdf\">Informacije o tome \u0161to mo\u017eete u\u010diniti sami protiv deportacije (SR)<\/a><br \/>\n<a href=\"http:\/\/nodeportation.antira.info\/files\/2017\/11\/vga_flyer_tigrinya.pdf\">\u1213\u1260\u122c\u1273 \u1295\u12ab\u1265 \u121d\u1325\u122b\u12dd (\u1265\u12d8\u12ed\u12f5\u120c\u1275\u12ab \u1293\u1265 \u12ab\u120d\u12a5 \u1203\u1308\u122d \u121d\u1235\u1313\u130d) \u1290\u1265\u1236\u121d \u12a8\u12f5\u1215\u1291 \u12dd\u12f0\u120d\u12e9 \u1230\u1263\u1275 (TI)<\/a><br \/>\n<a href=\"http:\/\/nodeportation.antira.info\/files\/2017\/11\/vga_flyer_arabic.pdf\">(AR) \u0627\u0644\u0628\u0639\u0627\u062f \u0627\u0644\u062f\u0641\u0627\u0639 \u0639\u0646 \u0623\u0646\u0641\u0633\u0647\u0645 \u0636\u062f \u0627\u0644\u0630\u064a\u0646 \u064a\u0631\u064a\u062f\u0648\u0646 \u0645\u0639\u0644\u0648\u0645\u0627\u062a \u0644\u0644\u0634\u062e\u0627\u0635<br \/>\n<\/a><a href=\"http:\/\/nodeportation.antira.info\/files\/2017\/09\/vga_flyer_farsi.pdf\">(FA) \u0622\u0644\u0645\u0627\u0646 \u0648 \u062f\u06cc\u067e\u0648\u0631\u062a\u06cc<br \/>\n<\/a><a href=\"http:\/\/nodeportation.antira.info\/files\/2017\/09\/vga_flyer_urdu.pdf\">(UR) \u0645\u0646\u062f\u0631\u062c\u062d \u0630\u06cc\u0644 \u0645\u0639\u0644\u0648\u0645\u0627\u062a \u0645\u0644\u06a9 \u0628\u062f\u0631\u06cc \u06a9\u06d2 \u062e\u0644\u0627\u0641<\/a><\/p>\n<hr \/>\n<p><strong><a href=\"https:\/\/solidaritaetorganisieren.noblogs.org\/\">\u00bbSolidarity Must Become Practical \u2013 Support for Illegalized People\u00ab <\/a>(solidaritaetorganisieren.noblogs.org)<br \/>\n<\/strong>The aim of the brochure \u00bbSolidarity Must Become Practical \u2013 Support for Illegalized People\u00ab is to bring the situation of illegalized people into the public discourse and make it visible. It contains information about the legal situation of people who are forced into \u00bbillegality\u00ab, as well as practical tips and testimonials from refugees and their supporters.<\/p>\n<p><a href=\"https:\/\/solidaritaetorganisieren.noblogs.org\/files\/2020\/02\/Brosch%C3%BCre_digital_final.pdf\">Brosch\u00fcre: \u00bbSolidarit\u00e4t muss praktisch werden \u2013 Unterst\u00fctzung von illegalisierten Menschen\u00ab (DE)<\/a><\/p>\n<hr \/>\n<p><strong><a href=\"https:\/\/www.inventati.org\/ali\/index.php\/76-ticker\/2074-die-buerokratie-des-boesen-broschuere.html\">\u00bbThe Buereaucracy of Evil \u2013 Nobody has to be Ausl\u00e4nderbeh\u00f6rde\u00ab<\/a><\/strong> <strong>(Antifaschistische Linke International)<br \/>\n<\/strong>Whether immigration office [Ausl\u00e4nderbeh\u00f6rde], police, reception facilities, or BAMF [Federal Office for Migration and Refugees] \u2013 they all contribute to the conscious maintenance of the prevailing power structures and colonial power relations. The campaign and brochure \u00bbThe Buereaucracy of Evil \u2013 Nobody has to be Ausl\u00e4nderbeh\u00f6rde\u00ab examines how these institutions turn a deeply rooted racist world view into a violent reality. Among other things, the brochure also explores the history and political function of deportations in Germany and Europe.<\/p>\n<p><a href=\"https:\/\/www.inventati.org\/ali\/pictures\/2021\/diebuerokratiedesboesen\/diebuerokratiedesboesen-broschuere.pdf\">Brosch\u00fcre: \u00bbDie B\u00fcrokratie des B\u00f6sen \u2013 Niemand muss Ausl\u00e4nderbeh\u00f6rde sein\u00ab (DE)<\/a><\/p>\n<hr \/>\n<p><strong><a href=\"https:\/\/marryme.blackblogs.org\">\u00bbMarriage against Borders \u2013 Information on Binational Marriages\u00ab<\/a> (Marriage against Borders)<br \/>\n<\/strong>There are many good reasons to get married: Children, parents, tax advantages, inheritance, to avoid being alone when you get older, to prevent deportation and*or for love. In this brochure, you will find useful information and tips on so-called \u00bbbinational marriages\u00ab. First and foremost, however, it is intended to support people who are thinking about tying the knot for life or at least for the next four years in order to obtain a right to stay.<\/p>\n<p><a href=\"https:\/\/arryme.blackblogs.org\/wp-content\/uploads\/sites\/48\/2023\/04\/Brosch%c3%bcre_Ehe_zum_Bleiben-1.pdf\">Brosch\u00fcre: \u00bbMarriage against Borders \u2013 Ratgeberin f\u00fcr eine Ehe zum Bleiben\u00ab (DE)<\/a><br \/>\n<a href=\"https:\/\/marryme.blackblogs.org\/wp-content\/uploads\/sites\/48\/2023\/04\/Broschu%CC%88re_Ehe_zum_Bleiben_persisch-.pdf\">(FA) \u0627\u0632\u062f\u0648\u0627\u062c \ufecb\ufee0\ufbfe\ufbab \ufee3\u0631\u0632\u06be\ufe8e \u2013 \ufee3\ufeb7\ufe8e\u0648\u0631\u0647 \u0627\u0632\u062f\u0648\u0627\u062c \ufe91\u0631\u0627\u06cc \ufee3\ufe8e\ufee7\u062f\u0646<\/a><\/p>\n<hr \/>\n<p><strong><a href=\"https:\/\/communityforall.noblogs.org\/pia\/\">\u00bbBreak the Isolation \u2013 Portraits from the Deportation Prison\u00ab<\/a><\/strong> <strong>(Community for all)<br \/>\n<\/strong>Since 2018 there also exists a deportation prison in Darmstadt. In their brochure \u00bbBreak the Isolation \u2013 Portraits from the Deportation Prison\u00ab, the activist group<strong><a href=\"https:\/\/communityforall.noblogs.org\/\"> \u00bbCommunity for all\u00ab<\/a><\/strong> has summarized their encounters with the detainees. The aim of the brochure is to break through the anonymity of deportation policy to a certain extent. The documented stories and fates of the detainees are brought to life by portraits drawn by Darmstadt-based illustrator Paulina Stulin.<strong><br \/>\n<\/strong><\/p>\n<p><a href=\"https:\/\/communityforall.noblogs.org\/files\/2023\/03\/Break-the-isolation.pdf\">Brosch\u00fcre: \u00bbBreak the Isolation \u2013 Portraits aus dem Abschiebegef\u00e4ngnis\u00ab (DE)<\/a><\/p>\n<hr \/>\n<p><strong><a href=\"https:\/\/communityforall.noblogs.org\/pia\/erste-hilfe\/\">\u00bbWhat to Do if You Are Threatened With Deportation? First Aid in Case of Deportation Detention\u00ab<\/a><\/strong> <strong>(Support PiA \u2013 Support for People in Deportation Detention)<br \/>\n<\/strong>In a brochure and guide based on the practice of deportation detention, activists of <strong><a href=\"https:\/\/communityforall.noblogs.org\/pia\/\">\u00bbSupport PiA\u00ab<\/a><\/strong> provide information on ways to prevent detention or how to take action against it. The brochure is largely based on deportation practices in Hessen, but is also very helpful for people living in other parts of Germany.<\/p>\n<p><a href=\"https:\/\/communityforall.noblogs.org\/files\/2023\/03\/Erste-Hilfe-Abschiebehaft.pdf\">Brosch\u00fcre: \u00bbWas tun, wenn die Abschiebung droht?\u00ab (DE)<\/a><br \/>\n<a href=\"https:\/\/communityforall.noblogs.org\/files\/2023\/03\/Erste-Hilfe-Abschiebehaft.pdf\">Leitfaden: \u00bbErste Hilfe Abschiebehaft\u00ab (DE)<\/a><strong><br \/>\n<\/strong><\/p>\n","protected":false},"excerpt":{"rendered":"<p>\ud83c\udde9\ud83c\uddea Deutsch Here you will find a list of helpful information material on the topic of deportations, practical tips on how to resist deportations, as well as other resources on the situation and support of illegalized people in Germany. In &hellip; <a href=\"https:\/\/soliasylwue.noblogs.org\/en-US\/info-material\/\">Continue reading <span class=\"meta-nav\">&rarr;<\/span><\/a><\/p>\n","protected":false},"author":18365,"featured_media":0,"parent":0,"menu_order":0,"comment_status":"closed","ping_status":"closed","template":"","meta":{"_locale":"en_US","_original_post":"https:\/\/soliasylwue.noblogs.org\/?page_id=448","footnotes":""},"class_list":["post-979","page","type-page","status-publish","hentry","en-US"],"_links":{"self":[{"href":"https:\/\/soliasylwue.noblogs.org\/wp-json\/wp\/v2\/pages\/979","targetHints":{"allow":["GET"]}}],"collection":[{"href":"https:\/\/soliasylwue.noblogs.org\/wp-json\/wp\/v2\/pages"}],"about":[{"href":"https:\/\/soliasylwue.noblogs.org\/wp-json\/wp\/v2\/types\/page"}],"author":[{"embeddable":true,"href":"https:\/\/soliasylwue.noblogs.org\/wp-json\/wp\/v2\/users\/18365"}],"replies":[{"embeddable":true,"href":"https:\/\/soliasylwue.noblogs.org\/wp-json\/wp\/v2\/comments?post=979"}],"version-history":[{"count":5,"href":"https:\/\/soliasylwue.noblogs.org\/wp-json\/wp\/v2\/pages\/979\/revisions"}],"predecessor-version":[{"id":988,"href":"https:\/\/soliasylwue.noblogs.org\/wp-json\/wp\/v2\/pages\/979\/revisions\/988"}],"wp:attachment":[{"href":"https:\/\/soliasylwue.noblogs.org\/wp-json\/wp\/v2\/media?parent=979"}],"curies":[{"name":"wp","href":"https:\/\/api.w.org\/{rel}","templated":true}]}}