{"id":829,"date":"2024-01-01T18:39:42","date_gmt":"2024-01-01T17:39:42","guid":{"rendered":"https:\/\/soliasylwue.noblogs.org\/?page_id=829"},"modified":"2025-10-16T20:05:54","modified_gmt":"2025-10-16T18:05:54","slug":"das-netzwerk","status":"publish","type":"page","link":"https:\/\/soliasylwue.noblogs.org\/","title":{"rendered":"Rrjeti Soli-Asyl W\u00fcrzburg"},"content":{"rendered":"<h1><strong>\ud83c\udde9\ud83c\uddea <a href=\"https:\/\/soliasylwue.noblogs.org\/\">Deutsch<\/a>\u00a0\u00a0\u00a0\u00a0\u00a0\u00a0\u00a0\u00a0\u00a0\u00a0\u00a0\u00a0\u00a0\u00a0\u00a0\u00a0\u00a0\u00a0\u00a0\u00a0 \ud83c\udde6\ud83c\uddea <a href=\"https:\/\/soliasylwue.noblogs.org\/fi\/\">\u0627\u0644\u0639\u0631\u0628\u064a\u0629<\/a><\/strong><\/h1>\n<h1>\ud83c\uddec\ud83c\udde7 <a href=\"https:\/\/soliasylwue.noblogs.org\/en-US\/\"><strong>English<\/strong><\/a> \u00a0 \u00a0 \u00a0 \u00a0 \u00a0 \u00a0 \u00a0 \u00a0 \u00a0\u00a0 \u00a0 <strong>\ud83c\uddee\ud83c\uddf7<\/strong><a href=\"https:\/\/soliasylwue.noblogs.org\/cy\/\"><strong> \u0641\u0627\u0631\u0633\u06cc<\/strong><\/a><\/h1>\n<h1>\ud83c\uddea\ud83c\uddf8 <a href=\"https:\/\/soliasylwue.noblogs.org\/es\/\">Espa\u00f1ol<\/a> \u00a0\u00a0\u00a0\u00a0\u00a0\u00a0\u00a0\u00a0\u00a0\u00a0\u00a0\u00a0\u00a0\u00a0\u00a0\u00a0\u00a0\u00a0\u00a0 \ud83c\udde6\ud83c\uddeb <a href=\"https:\/\/soliasylwue.noblogs.org\/ja\/\">\u062f\u0631\u06cc<\/a><\/h1>\n<h1>\ud83c\uddeb\ud83c\uddf7 <a href=\"https:\/\/soliasylwue.noblogs.org\/fr\">Fran\u00e7ais<\/a> \u00a0\u00a0 \u00a0 \u00a0 \u00a0 \u00a0 \u00a0 \u00a0 \u00a0\u00a0\u00a0 \ud83c\udde6\ud83c\uddeb <a href=\"https:\/\/soliasylwue.noblogs.org\/nl\/\">\u067e\u069a\u062a\u0648<\/a><\/h1>\n<h1>\u00a0\ud83c\uddee\ud83c\uddf9 <span lang=\"tr\"><a href=\"https:\/\/soliasylwue.noblogs.org\/it\/\">Italiano<\/a> \u00a0\u00a0 \u00a0 \u00a0 \u00a0 \u00a0 \u00a0 \u00a0 \u00a0 \u00a0\u00a0 <\/span><strong>\ud83c\uddf8\ud83c\uddf4 <a href=\"https:\/\/soliasylwue.noblogs.org\/nn\/\">Soomaali<\/a> \u00a0 \u00a0<\/strong><\/h1>\n<h1><strong>\ud83c\uddf7\ud83c\uddfa <\/strong><a href=\"https:\/\/soliasylwue.noblogs.org\/ru\/\">\u0420\u0443\u0441\u0441\u043a\u0438\u0439<\/a> \u00a0\u00a0 \u00a0 \u00a0 \u00a0 \u00a0 \u00a0 \u00a0 \u00a0\u00a0\u00a0 <span lang=\"tr\">\ud83c\uddea\ud83c\uddf7 <a href=\"https:\/\/soliasylwue.noblogs.org\/da\/\"><strong>\u1275\u130d\u122d\u129b<\/strong><\/a><\/span><\/h1>\n<h1><span class=\"ILfuVd\" lang=\"de\"><span class=\"hgKElc\"><b>\ud83c\uddf9\ud83c\uddf7 <\/b><\/span><\/span><a href=\"https:\/\/soliasylwue.noblogs.org\/ca\/\"><strong>T\u00fcrk\u00e7e<\/strong><\/a> \u00a0\u00a0\u00a0\u00a0\u00a0\u00a0\u00a0\u00a0\u00a0\u00a0\u00a0\u00a0\u00a0\u00a0 \u00a0 \u00a0\u00a0 \u00a0 <span class=\"ILfuVd\" lang=\"de\"><span class=\"hgKElc\"><b>\ud83c\uddf2\ud83c\uddf1 <\/b><\/span><\/span><a href=\"https:\/\/soliasylwue.noblogs.org\/sk\/\"><strong>Bamanankan<\/strong><\/a><\/h1>\n<hr \/>\n<p><strong>\u00bbRrjeti Soli-Asyl W\u00fcrzburg<span lang=\"AR-SA\">\u00ab<\/span><\/strong> \u00ebsht\u00eb nj\u00eb shoqat\u00eb lokale dhe e pavarur e aktivist\u00ebve, nismave t\u00eb solidaritetit dhe individ\u00ebve n\u00eb zon\u00ebn e W\u00fcrzburg dhe pjes\u00eb e rrjetit <a href=\"https:\/\/aktionbuergerinnenasyl.de\"><strong>\u00bbAktion B\u00fcrger*innenasyl<span lang=\"AR-SA\">\u00ab<\/span><\/strong><\/a>.<\/p>\n<p><strong>S\u00eb bashku me njer\u00ebzit q\u00eb po luftojn\u00eb kund\u00ebr d\u00ebbimit t\u00eb tyre, ne duam t\u00eb krijojm\u00eb struktura solidariteti q\u00eb mb\u00ebshtesin njer\u00ebzit n\u00eb luft\u00ebn e tyre p\u00ebr t\u00eb drejt\u00ebn e tyre p\u00ebr t\u00eb q\u00ebndruar n\u00eb Gjermani.<\/strong> Q\u00ebllimi i nism\u00ebs son\u00eb \u00ebsht\u00eb t&#8217;u siguroj\u00eb njer\u00ebzve t\u00eb k\u00ebrc\u00ebnuar me d\u00ebbim, vende t\u00eb p\u00ebrkohshme strehimi, t\u00eb siguroj\u00eb qasje n\u00eb kujdesin sh\u00ebndet\u00ebsor dhe k\u00ebshilla ligjore, dhe t&#8217;i mb\u00ebshtes\u00eb ata n\u00eb gjetjen dhe zhvillimin e perspektivave t\u00eb q\u00ebndrueshme.<\/p>\n<p><strong>N\u00eb nj\u00eb akt t\u00eb p\u00ebrbashk\u00ebt t\u00eb mosbindjes civile dhe solidaritetit t\u00eb p\u00ebrjetuar, ne duam t\u00eb vendosim \u00e7el\u00ebs n\u00eb pun\u00ebn e makineris\u00eb s\u00eb d\u00ebbimit dhe t\u00eb kontribuojm\u00eb p\u00ebr ta b\u00ebr\u00eb t\u00eb pamundur k\u00ebt\u00eb praktik\u00eb \u00e7njer\u00ebzore.<\/strong> Ne mb\u00ebshtesim t\u00eb drejt\u00ebn e pakusht\u00ebzuar p\u00ebr t\u00eb q\u00ebndruar dhe lirin\u00eb e l\u00ebvizjes s\u00eb t\u00eb gjith\u00eb njer\u00ebzve, si dhe p\u00ebr nj\u00eb bot\u00eb solidariteti n\u00eb t\u00eb cil\u00ebn dinjiteti njer\u00ebzor \u00ebsht\u00eb v\u00ebrtet i pacenuesh\u00ebm. Ne refuzojm\u00eb t\u00eb pranojm\u00eb politik\u00ebn mbizot\u00ebruese t\u00eb d\u00ebbimeve dhe p\u00ebrjashtimit dhe k\u00ebrkojm\u00eb q\u00eb njer\u00ebzit t\u00eb vendosin lirisht se ku mund dhe duan t\u00eb jetojn\u00eb.<\/p>\n<p><strong>Jemi t\u00eb bindur se migrimi, tejkalimi i kufijve dhe lufta p\u00ebr t\u00eb drejt\u00ebn e q\u00ebndrimit p\u00ebrfaq\u00ebsojn\u00eb forma qendrore t\u00eb rezistenc\u00ebs aktive politike kund\u00ebr marr\u00ebdh\u00ebnieve globale t\u00eb dominimit dhe shfryt\u00ebzimit.<\/strong> Megjithat\u00eb, k\u00ebto beteja shpesh zhvillohen larg publikut t\u00eb gjer\u00eb dhe mbeten t\u00eb padukshme n\u00eb kampe t\u00eb izoluara. \u00cbsht\u00eb koha q\u00eb njer\u00ebzit me m\u00eb shum\u00eb privilegje t\u00eb ndjekin k\u00ebta shembuj, t\u00eb solidarizohen dhe t\u00eb hapin vende strehimi p\u00ebr njer\u00ebzit e k\u00ebrc\u00ebnuar me d\u00ebbim.<\/p>\n<p><strong>Nisma jon\u00eb nuk \u00ebsht\u00eb q\u00ebllimisht sekrete, q\u00ebllimi i saj politik.<\/strong> Ne duam t\u00eb jetojm\u00eb n\u00eb nj\u00eb qytet solidariteti dhe ta konsiderojm\u00eb Soli-Asyl si pjes\u00eb t\u00eb nj\u00eb l\u00ebvizjeje sociale globale q\u00eb punon p\u00ebr t\u00eb siguruar q\u00eb t\u00eb drejtat e njeriut t\u00eb zbatohen p\u00ebr t\u00eb gjith\u00eb njer\u00ebzit pa p\u00ebrjashtim apo kushte. Gjithkush ka t\u00eb drejt\u00ebn e strehimit, arsimimit, sh\u00ebndetit dhe l\u00ebvizshm\u00ebris\u00eb, pavar\u00ebsisht nga statusi social ose juridik, prejardhja, gjinia ose kriteret e tjera t\u00eb nd\u00ebrtuara.<\/p>\n<p><strong>Le t\u00eb parandalojm\u00eb s\u00eb bashku deportimet dhe t\u00eb kund\u00ebrshtojm\u00eb me vendosm\u00ebri politikat gjermane dhe evropiane t\u00eb izolimit!<\/strong><\/p>\n<p><strong><em>Askush nuk \u00ebsht\u00eb i paligjsh\u00ebm!<\/em><\/strong><br \/>\n<strong><em>P\u00ebr nj\u00eb bot\u00eb pa kufij!<\/em><\/strong><br \/>\n<strong><em>P\u00ebr nj\u00eb t\u00eb drejt\u00eb t\u00eb pakusht\u00ebzuar p\u00ebr t\u00eb q\u00ebndruar p\u00ebr t\u00eb gjith\u00eb!<\/em><\/strong><\/p>\n<div id=\"simple-translate\" class=\"simple-translate-system-theme\">\n<div>\n<div class=\"simple-translate-button isShow\" style=\"height: 22px;width: 22px;top: 108px;left: 237px\"><\/div>\n<div class=\"simple-translate-panel \" style=\"width: 300px;height: 200px;top: 0px;left: 0px;font-size: 13px\">\n<div class=\"simple-translate-result-wrapper\" style=\"overflow: hidden\">\n<div class=\"simple-translate-move\"><\/div>\n<div class=\"simple-translate-result-contents\">\n<p class=\"simple-translate-result\" dir=\"auto\">\n<p class=\"simple-translate-candidate\" dir=\"auto\">\n<\/div>\n<\/div>\n<\/div>\n<\/div>\n<\/div>\n","protected":false},"excerpt":{"rendered":"<p>\ud83c\udde9\ud83c\uddea Deutsch\u00a0\u00a0\u00a0\u00a0\u00a0\u00a0\u00a0\u00a0\u00a0\u00a0\u00a0\u00a0\u00a0\u00a0\u00a0\u00a0\u00a0\u00a0\u00a0\u00a0 \ud83c\udde6\ud83c\uddea \u0627\u0644\u0639\u0631\u0628\u064a\u0629 \ud83c\uddec\ud83c\udde7 English \u00a0 \u00a0 \u00a0 \u00a0 \u00a0 \u00a0 \u00a0 \u00a0 \u00a0\u00a0 \u00a0 \ud83c\uddee\ud83c\uddf7 \u0641\u0627\u0631\u0633\u06cc \ud83c\uddea\ud83c\uddf8 Espa\u00f1ol \u00a0\u00a0\u00a0\u00a0\u00a0\u00a0\u00a0\u00a0\u00a0\u00a0\u00a0\u00a0\u00a0\u00a0\u00a0\u00a0\u00a0\u00a0\u00a0 \ud83c\udde6\ud83c\uddeb \u062f\u0631\u06cc \ud83c\uddeb\ud83c\uddf7 Fran\u00e7ais \u00a0\u00a0 \u00a0 \u00a0 \u00a0 \u00a0 \u00a0 \u00a0 \u00a0\u00a0\u00a0 \ud83c\udde6\ud83c\uddeb \u067e\u069a\u062a\u0648 \u00a0\ud83c\uddee\ud83c\uddf9 Italiano \u00a0\u00a0 \u00a0 \u00a0 &hellip; <a href=\"https:\/\/soliasylwue.noblogs.org\/\">Continue reading <span class=\"meta-nav\">&rarr;<\/span><\/a><\/p>\n","protected":false},"author":18365,"featured_media":0,"parent":0,"menu_order":0,"comment_status":"closed","ping_status":"open","template":"","meta":{"_locale":"el","_original_post":"https:\/\/soliasylwue.noblogs.org\/?page_id=2","footnotes":""},"class_list":["post-829","page","type-page","status-publish","hentry","el"],"_links":{"self":[{"href":"https:\/\/soliasylwue.noblogs.org\/wp-json\/wp\/v2\/pages\/829","targetHints":{"allow":["GET"]}}],"collection":[{"href":"https:\/\/soliasylwue.noblogs.org\/wp-json\/wp\/v2\/pages"}],"about":[{"href":"https:\/\/soliasylwue.noblogs.org\/wp-json\/wp\/v2\/types\/page"}],"author":[{"embeddable":true,"href":"https:\/\/soliasylwue.noblogs.org\/wp-json\/wp\/v2\/users\/18365"}],"replies":[{"embeddable":true,"href":"https:\/\/soliasylwue.noblogs.org\/wp-json\/wp\/v2\/comments?post=829"}],"version-history":[{"count":10,"href":"https:\/\/soliasylwue.noblogs.org\/wp-json\/wp\/v2\/pages\/829\/revisions"}],"predecessor-version":[{"id":1462,"href":"https:\/\/soliasylwue.noblogs.org\/wp-json\/wp\/v2\/pages\/829\/revisions\/1462"}],"wp:attachment":[{"href":"https:\/\/soliasylwue.noblogs.org\/wp-json\/wp\/v2\/media?parent=829"}],"curies":[{"name":"wp","href":"https:\/\/api.w.org\/{rel}","templated":true}]}}