{"id":1302,"date":"2024-09-01T15:20:01","date_gmt":"2024-09-01T13:20:01","guid":{"rendered":"https:\/\/soliasylwue.noblogs.org\/?page_id=1302"},"modified":"2024-10-03T17:08:44","modified_gmt":"2024-10-03T15:08:44","slug":"kontaktoni","status":"publish","type":"page","link":"https:\/\/soliasylwue.noblogs.org\/el\/kontaktoni\/","title":{"rendered":"Kontaktoni"},"content":{"rendered":"<h1>\ud83c\udde9\ud83c\uddea <a href=\"https:\/\/soliasylwue.noblogs.org\/kontakt\/\"><strong>Deutsch<\/strong><\/a> \u00a0\u00a0 \u00a0 \u00a0 \u00a0 \u00a0 \u00a0 \u00a0 \u00a0 \u00a0 \u00a0 <strong>\ud83c\udde6\ud83c\uddea <a href=\"https:\/\/soliasylwue.noblogs.org\/fi\/aitisal\/\">\u0627\u0644\u0639\u0631\u0628\u064a\u0629<\/a><\/strong><\/h1>\n<h1>\ud83c\uddec\ud83c\udde7 <a href=\"https:\/\/soliasylwue.noblogs.org\/en-US\/contact\/\"><strong>English<\/strong><\/a>\u00a0 \u00a0 \u00a0 \u00a0 \u00a0 \u00a0 \u00a0 \u00a0 \u00a0 \u00a0\u00a0 \u00a0 <strong>\ud83c\uddee\ud83c\uddf7<\/strong><a href=\"https:\/\/soliasylwue.noblogs.org\/cy\/kontakt\"><strong> \u0641\u0627\u0631\u0633\u06cc<\/strong><\/a><\/h1>\n<h1>\ud83c\uddea\ud83c\uddf8 <a href=\"https:\/\/soliasylwue.noblogs.org\/es\/contacto\">Espa\u00f1ol<\/a> \u00a0\u00a0\u00a0\u00a0\u00a0\u00a0\u00a0\u00a0\u00a0\u00a0 \u00a0\u00a0 \u00a0 \u00a0\u00a0\u00a0\u00a0 \ud83c\udde6\ud83c\uddeb <a href=\"https:\/\/soliasylwue.noblogs.org\/ja\/kontakt\">\u062f\u0631\u06cc<\/a><\/h1>\n<h1>\ud83c\uddeb\ud83c\uddf7 <a href=\"https:\/\/soliasylwue.noblogs.org\/fr\/contact\">Fran\u00e7ais <\/a><span lang=\"tr\">\u00a0 \u00a0 \u00a0\u00a0 \u00a0 \u00a0 \u00a0 \u00a0 \u00a0 \u00a0\u00a0 <\/span>\ud83c\udde6\ud83c\uddeb <a href=\"https:\/\/soliasylwue.noblogs.org\/nl\/kontakt\/\">\u067e\u069a\u062a\u0648<\/a><\/h1>\n<h1>\ud83c\uddee\ud83c\uddf9 <span lang=\"tr\"><a href=\"https:\/\/soliasylwue.noblogs.org\/it\/contatto\/\">Italiano<\/a> \u00a0<\/span> \u00a0\u00a0\u00a0\u00a0\u00a0\u00a0\u00a0\u00a0\u00a0\u00a0\u00a0\u00a0\u00a0\u00a0\u00a0\u00a0\u00a0\u00a0\u00a0 <strong>\ud83c\uddf8\ud83c\uddf4 <a href=\"https:\/\/soliasylwue.noblogs.org\/nn\/xidhiidh\">Soomaali<\/a><\/strong><span lang=\"tr\"><br \/>\n<\/span><\/h1>\n<h1><strong>\ud83c\uddf7\ud83c\uddfa <\/strong><a href=\"https:\/\/soliasylwue.noblogs.org\/ru\/kontakt\">\u0420\u0443\u0441\u0441\u043a\u0438\u0439<\/a> \u00a0 \u00a0 <strong>\u00a0\u00a0 \u00a0 \u00a0\u00a0 \u00a0\u00a0\u00a0\u00a0\u00a0\u00a0\u00a0 <\/strong><span lang=\"tr\">\ud83c\uddea\ud83c\uddf7 <a href=\"https:\/\/soliasylwue.noblogs.org\/da\/\"><strong>\u1275\u130d\u122d\u129b<\/strong><\/a><\/span><\/h1>\n<h1><span class=\"ILfuVd\" lang=\"de\"><span class=\"hgKElc\"><b>\ud83c\uddf9\ud83c\uddf7 <\/b><\/span><\/span><a href=\"https:\/\/soliasylwue.noblogs.org\/ca\/\"><strong>T\u00fcrk\u00e7e<\/strong><\/a><strong> \u00a0\u00a0\u00a0\u00a0 \u00a0 \u00a0 \u00a0 \u00a0 \u00a0\u00a0 \u00a0 \u00a0 \u00a0 \u00a0<\/strong><span class=\"ILfuVd\" lang=\"de\"><span class=\"hgKElc\"><b>\ud83c\uddf2\ud83c\uddf1 <\/b><\/span><\/span><a href=\"https:\/\/soliasylwue.noblogs.org\/sk\/\"><strong>Bamanankan<\/strong><\/a><\/h1>\n<hr \/>\n<p><strong>Ne jemi Rrjeti Soli-Asyl W\u00fcrzburg.<\/strong> Ne d\u00ebshirojm\u00eb q\u00eb t\u00eb gjith\u00eb njer\u00ebzit t\u00eb mund t\u00eb vendosin lirisht se ku duan dhe ku mund t\u00eb jetojn\u00eb. Prandaj, ne mb\u00ebshtesim njer\u00ebzit q\u00eb jan\u00eb t\u00eb k\u00ebrc\u00ebnuar nga d\u00ebbimi <span class=\"HwtZe\" lang=\"sq\"><span class=\"jCAhz ChMk0b\"><span class=\"ryNqvb\">n\u00eb luft\u00ebn e tyre p\u00ebr t\u00eb drejt\u00ebn e q\u00ebndrimit<\/span><\/span><\/span>. Ne nuk jemi as organizat\u00eb dhe as kish\u00eb. <span class=\"HwtZe\" lang=\"sq\"><span class=\"jCAhz ChMk0b\"><span class=\"ryNqvb\">Ne jemi nj\u00eb rrjet solidariteti q\u00eb punon pa pages\u00eb, n\u00eb m\u00ebnyr\u00eb vullnetare dhe t\u00eb pavarur nga institucionet shtet\u00ebrore.<\/span><\/span><\/span><\/p>\n<p><strong>N\u00ebse jetoni n\u00eb W\u00fcrzburg ose af\u00ebr tij, ne do t\u00eb p\u00ebrpiqemi t\u00eb gjejm\u00eb nj\u00eb vend t\u00eb sigurt p\u00ebr t\u00eb fjetur derisa t\u00eb kaloj\u00eb k\u00ebrc\u00ebnimi i d\u00ebbimit.<\/strong> N\u00ebse nuk jetoni n\u00eb zon\u00ebn m\u00eb t\u00eb gjer\u00eb t\u00eb W\u00fcrzburg-ut, p\u00ebr fat t\u00eb keq nuk mund t&#8217;ju mb\u00ebshtesim me nj\u00eb vend p\u00ebr t\u00eb fjetur. Megjithat\u00eb, ne mund t&#8217;ju tregojm\u00eb se ku mund t\u00eb merrni <span class=\"HwtZe\" lang=\"sq\"><span class=\"jCAhz ChMk0b\"><span class=\"ryNqvb\">mb\u00ebshtetje<\/span><\/span><\/span>.<\/p>\n<p><strong>Ne po marrim shum\u00eb k\u00ebrkesa, k\u00ebshtu q\u00eb p\u00ebr fat t\u00eb keq nuk kemi gjithmon\u00eb vende t\u00eb mjaftueshme p\u00ebr t\u00eb fjetur p\u00ebr t\u00eb gjith\u00eb.<\/strong> N\u00ebse besojm\u00eb se rreziku i d\u00ebbimit \u00ebsht\u00eb shum\u00eb i lart\u00eb, ne do t\u00eb p\u00ebrpiqemi t\u00eb gjejm\u00eb nj\u00eb vend t\u00eb sigurt p\u00ebr ju sa m\u00eb shpejt t\u00eb jet\u00eb e mundur. Ju lutemi t\u00eb kuptoni se fillimisht duhet t\u00eb mb\u00ebshtesim njer\u00ebzit t\u00eb cil\u00ebt jan\u00eb n\u00eb rrezik t\u00eb lart\u00eb p\u00ebr d\u00ebbim.<\/p>\n<p>P\u00ebr t\u00eb par\u00eb n\u00ebse dhe si mund t&#8217;ju ndihmojm\u00eb, fillimisht duhet t\u00eb m\u00ebsojm\u00eb m\u00eb shum\u00eb rreth situat\u00ebs tuaj. Ju mund t\u00eb na d\u00ebrgoni nj\u00eb mesazh t\u00eb sigurt duke p\u00ebrdorur formularin ton\u00eb t\u00eb kontaktit m\u00eb posht\u00eb. Ju lutemi na d\u00ebrgoni numrin tuaj t\u00eb telefonit dhe instaloni aplikacionin e mesazheve <strong><a href=\"https:\/\/signal.org\/install\" data-cke-saved-href=\"https:\/\/signal.org\/de\/\">\u00bbSignal\u00ab<\/a><\/strong>. Ne do t&#8217;ju kontaktojm\u00eb m\u00eb pas p\u00ebrmes Signal.<\/p>\n<p><strong>P\u00ebr pyetje t\u00eb p\u00ebrgjithshme dhe pyetje rreth rrjetit ton\u00eb q\u00eb nuk k\u00ebrkojn\u00eb<\/strong> shk\u00ebmbim t\u00eb t\u00eb dh\u00ebnave t\u00eb ndjeshme, mund t\u00eb na kontaktoni gjithashtu n\u00eb: <a href=\"mailto:soliasylwue@riseup.net\">soliasylwue(at)riseup(dot)net<\/a><br \/>\nJu mund t\u00eb shkarkoni \u00c7el\u00ebsin ton\u00eb Publik\u00a0PGP\u00a0<strong><a href=\"https:\/\/keys.openpgp.org\/vks\/v1\/by-fingerprint\/5604831306F996E09F5479D81FDDB8F807875D1E\">k\u00ebtu<\/a><\/strong>.<code><\/code><\/p>\n<p><code><div class=\"secure-form\"><div id=\"message-group\" class=\"form-group\"><label for=\"message\">Message<\/label><textarea id=\"message\" name=\"message\" rows=\"5\"><\/textarea><\/div><form id=\"sform\" method=\"post\"><div id=\"subject-group\" class=\"form-group\"><label for=\"subject\">Subject<\/label><input type=\"text\" id=\"subject\" name=\"subject\"><\/div><div id=\"name-group\" class=\"form-group\"><label for=\"name\">Your name<\/label><input type=\"text\" id=\"name\" name=\"name\"><\/div><div id=\"email-group\" class=\"form-group\"><label for=\"email\">Your email<\/label><input type=\"text\" id=\"email\" name=\"email\"><\/div><input type=\"hidden\" id=\"encryptedMessage\" name=\"encryptedMessage\"><input type=\"submit\" name=\"submit\" value=\"Submit\"><\/form><\/div><\/code><\/p>\n","protected":false},"excerpt":{"rendered":"<p>\ud83c\udde9\ud83c\uddea Deutsch \u00a0\u00a0 \u00a0 \u00a0 \u00a0 \u00a0 \u00a0 \u00a0 \u00a0 \u00a0 \u00a0 \ud83c\udde6\ud83c\uddea \u0627\u0644\u0639\u0631\u0628\u064a\u0629 \ud83c\uddec\ud83c\udde7 English\u00a0 \u00a0 \u00a0 \u00a0 \u00a0 \u00a0 \u00a0 \u00a0 \u00a0 \u00a0\u00a0 \u00a0 \ud83c\uddee\ud83c\uddf7 \u0641\u0627\u0631\u0633\u06cc \ud83c\uddea\ud83c\uddf8 Espa\u00f1ol \u00a0\u00a0\u00a0\u00a0\u00a0\u00a0\u00a0\u00a0\u00a0\u00a0 \u00a0\u00a0 \u00a0 \u00a0\u00a0\u00a0\u00a0 \ud83c\udde6\ud83c\uddeb \u062f\u0631\u06cc \ud83c\uddeb\ud83c\uddf7 Fran\u00e7ais \u00a0 \u00a0 &hellip; <a href=\"https:\/\/soliasylwue.noblogs.org\/el\/kontaktoni\/\">Continue reading <span class=\"meta-nav\">&rarr;<\/span><\/a><\/p>\n","protected":false},"author":18365,"featured_media":0,"parent":0,"menu_order":0,"comment_status":"closed","ping_status":"closed","template":"","meta":{"_locale":"el","_original_post":"https:\/\/soliasylwue.noblogs.org\/?page_id=23","footnotes":""},"class_list":["post-1302","page","type-page","status-publish","hentry","el"],"_links":{"self":[{"href":"https:\/\/soliasylwue.noblogs.org\/wp-json\/wp\/v2\/pages\/1302","targetHints":{"allow":["GET"]}}],"collection":[{"href":"https:\/\/soliasylwue.noblogs.org\/wp-json\/wp\/v2\/pages"}],"about":[{"href":"https:\/\/soliasylwue.noblogs.org\/wp-json\/wp\/v2\/types\/page"}],"author":[{"embeddable":true,"href":"https:\/\/soliasylwue.noblogs.org\/wp-json\/wp\/v2\/users\/18365"}],"replies":[{"embeddable":true,"href":"https:\/\/soliasylwue.noblogs.org\/wp-json\/wp\/v2\/comments?post=1302"}],"version-history":[{"count":9,"href":"https:\/\/soliasylwue.noblogs.org\/wp-json\/wp\/v2\/pages\/1302\/revisions"}],"predecessor-version":[{"id":1438,"href":"https:\/\/soliasylwue.noblogs.org\/wp-json\/wp\/v2\/pages\/1302\/revisions\/1438"}],"wp:attachment":[{"href":"https:\/\/soliasylwue.noblogs.org\/wp-json\/wp\/v2\/media?parent=1302"}],"curies":[{"name":"wp","href":"https:\/\/api.w.org\/{rel}","templated":true}]}}