{"id":816,"date":"2024-01-01T18:19:58","date_gmt":"2024-01-01T17:19:58","guid":{"rendered":"https:\/\/soliasylwue.noblogs.org\/?page_id=816"},"modified":"2025-10-16T20:04:20","modified_gmt":"2025-10-16T18:04:20","slug":"das-netzwerk","status":"publish","type":"page","link":"https:\/\/soliasylwue.noblogs.org\/","title":{"rendered":"A\u011f\u0131 Soli-Asyl W\u00fcrzburg"},"content":{"rendered":"<h1>\ud83c\udde9\ud83c\uddea <a href=\"https:\/\/soliasylwue.noblogs.org\"><strong>Deutsch<\/strong><\/a> \u00a0 \u00a0 \u00a0 \u00a0 \u00a0 \u00a0 \u00a0 \u00a0\u00a0 \u00a0\u00a0\u00a0 \ud83c\uddec\ud83c\udde7 <a href=\"https:\/\/soliasylwue.noblogs.org\/en-US\/\"><strong>English<\/strong><\/a><\/h1>\n<h1>\ud83c\uddea\ud83c\uddf8 <a href=\"https:\/\/soliasylwue.noblogs.org\/es\/\">Espa\u00f1ol<\/a> \u00a0 \u00a0 \u00a0 \u00a0 \u00a0 \u00a0 \u00a0 \u00a0 \u00a0\u00a0\u00a0\u00a0 <strong>\ud83c\udde6\ud83c\uddea <a href=\"https:\/\/soliasylwue.noblogs.org\/fi\/\">\u0627\u0644\u0639\u0631\u0628\u064a\u0629<\/a><\/strong><\/h1>\n<h1>\ud83c\uddeb\ud83c\uddf7 <a href=\"https:\/\/soliasylwue.noblogs.org\/fr\">Fran\u00e7ais<\/a> \u00a0\u00a0\u00a0\u00a0\u00a0\u00a0\u00a0\u00a0\u00a0\u00a0 \u00a0 \u00a0 \u00a0\u00a0\u00a0\u00a0 <strong>\ud83c\uddee\ud83c\uddf7<\/strong><a href=\"https:\/\/soliasylwue.noblogs.org\/cy\/\"><strong> \u0641\u0627\u0631\u0633\u06cc<\/strong><\/a><\/h1>\n<h1>\ud83c\uddee\ud83c\uddf9 <span lang=\"tr\"><a href=\"https:\/\/soliasylwue.noblogs.org\/it\/\">Italiano<\/a>\u00a0\u00a0\u00a0 \u00a0 \u00a0 \u00a0 \u00a0 \u00a0 \u00a0 \u00a0 \u00a0 \u00a0\u00a0 <\/span>\ud83c\udde6\ud83c\uddeb <a href=\"https:\/\/soliasylwue.noblogs.org\/ja\/\">\u062f\u0631\u06cc<\/a><\/h1>\n<h1><strong>\ud83c\uddf7\ud83c\uddfa <\/strong><a href=\"https:\/\/soliasylwue.noblogs.org\/ru\/\">\u0420\u0443\u0441\u0441\u043a\u0438\u0439<\/a> \u00a0\u00a0\u00a0\u00a0\u00a0\u00a0\u00a0\u00a0\u00a0\u00a0 \u00a0 \u00a0\u00a0\u00a0\u00a0\u00a0\u00a0 \ud83c\udde6\ud83c\uddeb <a href=\"https:\/\/soliasylwue.noblogs.org\/nl\/\">\u067e\u069a\u062a\u0648<\/a><\/h1>\n<h1><strong> \ud83c\udde6\ud83c\uddf1 <a href=\"https:\/\/soliasylwue.noblogs.org\/el\/\">Shqiptare<\/a>\u00a0\u00a0\u00a0\u00a0\u00a0 \u00a0 \u00a0\u00a0 \u00a0\u00a0\u00a0\u00a0\u00a0\u00a0\u00a0 <\/strong><strong>\ud83c\uddf8\ud83c\uddf4 <a href=\"https:\/\/soliasylwue.noblogs.org\/nn\/\">Soomaali<\/a><\/strong><\/h1>\n<h1><span class=\"ILfuVd\" lang=\"de\"><span class=\"hgKElc\"><b>\ud83c\uddf2\ud83c\uddf1 <\/b><\/span><\/span><a href=\"https:\/\/soliasylwue.noblogs.org\/sk\/\"><strong>Bamanankan<\/strong><\/a><strong> \u00a0\u00a0\u00a0\u00a0\u00a0\u00a0\u00a0\u00a0\u00a0\u00a0\u00a0 <\/strong><span lang=\"tr\">\ud83c\uddea\ud83c\uddf7 <a href=\"https:\/\/soliasylwue.noblogs.org\/da\/\"><strong>\u1275\u130d\u122d\u129b<\/strong><\/a><\/span><\/h1>\n<hr \/>\n<p><strong>\u00bbA\u011f\u0131 Soli-Asyl W\u00fcrzburg\u00ab <\/strong>, W\u00fcrzburg b\u00f6lgesindeki ve <strong><a href=\"https:\/\/aktionbuergerinnenasyl.de\">\u00bbAktion B\u00fcrger*innenasyl\u00ab <\/a><\/strong>a\u011f\u0131n\u0131n bir par\u00e7as\u0131 olan aktivistlerin, dayan\u0131\u015fma inisiyatiflerinin ve bireylerin yerel ve ba\u011f\u0131ms\u0131z bir derne\u011fidir.<\/p>\n<p><strong>S\u0131n\u0131r d\u0131\u015f\u0131 edilmelerine kar\u015f\u0131 m\u00fccadele eden insanlarla birlikte, insanlar\u0131 Almanya&#8217;da kalma haklar\u0131 i\u00e7in verdikleri m\u00fccadelede destekleyen dayan\u0131\u015fma yap\u0131lar\u0131 olu\u015fturmak istiyoruz.<\/strong> Giri\u015fimimizin amac\u0131, s\u0131n\u0131r d\u0131\u015f\u0131 edilmekle tehdit edilen insanlara ge\u00e7ici s\u0131\u011f\u0131nma ve bar\u0131nma yerleri sa\u011flamak, sa\u011fl\u0131k hizmetlerine ve yasal tavsiyeyelere eri\u015fimlerini sa\u011flamak ve s\u00fcrd\u00fcr\u00fclebilir bak\u0131\u015f a\u00e7\u0131lar\u0131 bulma ve geli\u015ftirme konusunda onlara destek olmakt\u0131r.<\/p>\n<p><strong>Ortak bir sivil itaatsizlik ve dayan\u0131\u015fma eylemleriyle, s\u0131n\u0131r d\u0131\u015f\u0131 etme mekanizmas\u0131ni bozmak ve bu insanl\u0131k d\u0131\u015f\u0131 uygulaman\u0131n imkans\u0131z hale gelmesine katk\u0131da bulunmak istiyoruz.<\/strong> T\u00fcm insanlar\u0131n ko\u015fulsuz oturma hakk\u0131 ve hareket \u00f6zg\u00fcrl\u00fc\u011f\u00fcn\u00fcn oldugu bir ortamin yan\u0131 s\u0131ra insan onurunun ger\u00e7ekten lekelenemez oldu\u011fu bir dayan\u0131\u015fma d\u00fcnyas\u0131ndan yanay\u0131z. Hakim olan s\u0131n\u0131r d\u0131\u015f\u0131 etme ve d\u0131\u015flama politikas\u0131n\u0131 kabul etmeyi reddediyoruz ve insanlar\u0131n nerede ya\u015fayabileceklerine ve nerede ya\u015famak istediklerine \u00f6zg\u00fcrce karar vermelerini talep ediyoruz.<\/p>\n<p><strong>G\u00f6\u00e7\u00fcn, s\u0131n\u0131rlar\u0131n a\u015f\u0131lmas\u0131n\u0131n ve kalma (barinma) hakk\u0131 m\u00fccadelesinin k\u00fcresel dominasyon ve s\u00f6m\u00fcr\u00fc ili\u015fkilerine kar\u015f\u0131 aktif siyasi direni\u015fin merkezi bi\u00e7imlerini temsil etti\u011fine inan\u0131yoruz.<\/strong> Bununla birlikte, bu m\u00fccadeleler genellikle genel halktan uzakta ger\u00e7ekle\u015fir ve izole edilmi\u015f kamplarda g\u00f6r\u00fcnmez kal\u0131r. Art\u0131k daha fazla ayr\u0131cal\u0131\u011fa sahip olan insanlarin bu \u00f6rnekleri g\u00f6rmesinin, dayan\u0131\u015fma g\u00f6stermesinin ve s\u0131n\u0131r d\u0131\u015f\u0131 edilme tehdidi alt\u0131ndaki insanlara s\u0131\u011f\u0131nma yerleri a\u00e7mas\u0131n\u0131n zaman\u0131 gelmi\u015ftir.<\/p>\n<p><strong>Giri\u015fimimiz kas\u0131tl\u0131 olarak gizli de\u011fildir, amac\u0131 siyasidir.<\/strong> Dayan\u0131\u015fmanin hakim oldugu bir \u015fehirde ya\u015famak ve Soli-Asyl&#8217;u insan haklar\u0131n\u0131n istisnas\u0131z ve ko\u015fulsuz t\u00fcm insanlar i\u00e7in ge\u00e7erli olmas\u0131n\u0131 sa\u011flamaya \u00e7al\u0131\u015fan, k\u00fcresel bir toplumsal hareketin par\u00e7as\u0131 olarak g\u00f6rmek istiyoruz. Herkesin sosyal veya yasal stat\u00fcs\u00fc, k\u00f6keni, cinsiyeti ya da buna benzer sekilde olusturulmus degiskenleri her ne olursa olsun bar\u0131nma, e\u011fitim, sa\u011fl\u0131k ve hareket etme (Hareketlilik) hakk\u0131 vard\u0131r.<\/p>\n<p><strong>Gelin hep birlikte tehcirleri (sinir disi etmeleri) \u00f6nleyelim ve Alman ve Avrupa&#8217;n\u0131n tecrit politikalar\u0131na kararl\u0131l\u0131kla kar\u015f\u0131 \u00e7\u0131kal\u0131m!<\/strong><\/p>\n<p><em><strong>Kimse yasad\u0131\u015f\u0131 de\u011fil!<br \/>\nS\u0131n\u0131rlar\u0131n olmad\u0131\u011f\u0131 bir d\u00fcnya i\u00e7in!<br \/>\nHerkes i\u00e7in ko\u015fulsuz bir kalma hakk\u0131 i\u00e7in!<\/strong><\/em><\/p>\n<div id=\"simple-translate\" class=\"simple-translate-system-theme\">\n<div>\n<div class=\"simple-translate-button isShow\" style=\"height: 22px;width: 22px;top: 181px;left: 617px\"><\/div>\n<div class=\"simple-translate-panel \" style=\"width: 300px;height: 200px;top: 0px;left: 0px;font-size: 13px\">\n<div class=\"simple-translate-result-wrapper\" style=\"overflow: hidden\">\n<div class=\"simple-translate-move\"><\/div>\n<div class=\"simple-translate-result-contents\">\n<p class=\"simple-translate-result\" dir=\"auto\">\n<p class=\"simple-translate-candidate\" dir=\"auto\">\n<\/div>\n<\/div>\n<\/div>\n<\/div>\n<\/div>\n","protected":false},"excerpt":{"rendered":"<p>\ud83c\udde9\ud83c\uddea Deutsch \u00a0 \u00a0 \u00a0 \u00a0 \u00a0 \u00a0 \u00a0 \u00a0\u00a0 \u00a0\u00a0\u00a0 \ud83c\uddec\ud83c\udde7 English \ud83c\uddea\ud83c\uddf8 Espa\u00f1ol \u00a0 \u00a0 \u00a0 \u00a0 \u00a0 \u00a0 \u00a0 \u00a0 \u00a0\u00a0\u00a0\u00a0 \ud83c\udde6\ud83c\uddea \u0627\u0644\u0639\u0631\u0628\u064a\u0629 \ud83c\uddeb\ud83c\uddf7 Fran\u00e7ais \u00a0\u00a0\u00a0\u00a0\u00a0\u00a0\u00a0\u00a0\u00a0\u00a0 \u00a0 \u00a0 \u00a0\u00a0\u00a0\u00a0 \ud83c\uddee\ud83c\uddf7 \u0641\u0627\u0631\u0633\u06cc \ud83c\uddee\ud83c\uddf9 Italiano\u00a0\u00a0\u00a0 \u00a0 \u00a0 \u00a0 \u00a0 &hellip; <a href=\"https:\/\/soliasylwue.noblogs.org\/\">Continua llegint <span class=\"meta-nav\">&rarr;<\/span><\/a><\/p>\n","protected":false},"author":18365,"featured_media":0,"parent":0,"menu_order":0,"comment_status":"closed","ping_status":"open","template":"","meta":{"_locale":"ca","_original_post":"https:\/\/soliasylwue.noblogs.org\/?page_id=2","footnotes":""},"class_list":["post-816","page","type-page","status-publish","hentry","ca"],"_links":{"self":[{"href":"https:\/\/soliasylwue.noblogs.org\/wp-json\/wp\/v2\/pages\/816","targetHints":{"allow":["GET"]}}],"collection":[{"href":"https:\/\/soliasylwue.noblogs.org\/wp-json\/wp\/v2\/pages"}],"about":[{"href":"https:\/\/soliasylwue.noblogs.org\/wp-json\/wp\/v2\/types\/page"}],"author":[{"embeddable":true,"href":"https:\/\/soliasylwue.noblogs.org\/wp-json\/wp\/v2\/users\/18365"}],"replies":[{"embeddable":true,"href":"https:\/\/soliasylwue.noblogs.org\/wp-json\/wp\/v2\/comments?post=816"}],"version-history":[{"count":9,"href":"https:\/\/soliasylwue.noblogs.org\/wp-json\/wp\/v2\/pages\/816\/revisions"}],"predecessor-version":[{"id":1459,"href":"https:\/\/soliasylwue.noblogs.org\/wp-json\/wp\/v2\/pages\/816\/revisions\/1459"}],"wp:attachment":[{"href":"https:\/\/soliasylwue.noblogs.org\/wp-json\/wp\/v2\/media?parent=816"}],"curies":[{"name":"wp","href":"https:\/\/api.w.org\/{rel}","templated":true}]}}